{"id":27301,"date":"2020-07-27T22:38:55","date_gmt":"2020-07-28T05:38:55","guid":{"rendered":"https:\/\/crossraybbq.com\/home-page-3\/"},"modified":"2025-06-19T19:11:59","modified_gmt":"2025-06-20T02:11:59","slug":"home-page-3","status":"publish","type":"page","link":"https:\/\/crossraybbq.com\/fr\/","title":{"rendered":"Barbecues infrarouges Crossray"},"content":{"rendered":"<div class=\"vgblk-rw-wrapper limit-wrapper\">\n<h2>\n\t\tPourquoi CROSSRAY?\n\t<\/h2>\n\t\t\t\t\t\t\t<img loading=\"lazy\" decoding=\"async\" width=\"120\" height=\"72\" src=\"https:\/\/crossrayglobal.wpenginepowered.com\/wp-content\/uploads\/2020\/07\/crossray-bbq-small.png\" alt=\"Crossray BBQ\" itemprop=\"image\" title=\"crossray-bbq-small\" onerror=\"this.style.display='none'\"  sizes=\"auto, \"\/>\t\t\t\t\t\t\t\n\t<p>Vous \u00eates \u00e0 la recherche d&rsquo;un barbecue et d&rsquo;une exp\u00e9rience de cuisson en plein air qui soient \u00e0 la fois innovants, sup\u00e9rieurs et diff\u00e9rents de ce que vous connaissez? Ne cherchez plus, CROSSRAY est la r\u00e9ponse.<\/p>\n\t<p>La technologie de cuisson infrarouge CROSSRAY, dont la conception et l&rsquo;innovation ont \u00e9t\u00e9 r\u00e9compens\u00e9es \u00e0 l&rsquo;\u00e9chelle mondiale, permet d&rsquo;obtenir des aliments plus juteux et plus savoureux, et ce, en toute simplicit\u00e9. Avec une large gamme d&rsquo;options aux gaz et \u00e9lectriques disponibles, nous avons la solution parfaite pour vous.<\/p>\n\t\t\t\t\t\t\t<img loading=\"lazy\" decoding=\"async\" width=\"1400\" height=\"900\" src=\"https:\/\/crossrayglobal.wpenginepowered.com\/wp-content\/uploads\/2024\/02\/Electric-BBQ-basting-1400x900-1.webp\" alt=\"Electric-BBQ-basting-1400x900-1\" itemprop=\"image\" data-link-type=\"url\" title=\"Electric-BBQ-basting-1400x900-1\" onerror=\"this.style.display='none'\"  sizes=\"auto, (max-width: 760px) 100vw, 100vw\" srcset=\"https:\/\/crossraybbq.com\/wp-content\/uploads\/2024\/02\/Electric-BBQ-basting-1400x900-1.webp 1400w, https:\/\/crossraybbq.com\/wp-content\/uploads\/2024\/02\/Electric-BBQ-basting-1400x900-1-300x193.webp 300w, https:\/\/crossraybbq.com\/wp-content\/uploads\/2024\/02\/Electric-BBQ-basting-1400x900-1-1024x658.webp 1024w, https:\/\/crossraybbq.com\/wp-content\/uploads\/2024\/02\/Electric-BBQ-basting-1400x900-1-768x494.webp 768w, https:\/\/crossraybbq.com\/wp-content\/uploads\/2024\/02\/Electric-BBQ-basting-1400x900-1-700x450.webp 700w, https:\/\/crossraybbq.com\/wp-content\/uploads\/2024\/02\/Electric-BBQ-basting-1400x900-1-466x300.webp 466w, https:\/\/crossraybbq.com\/wp-content\/uploads\/2024\/02\/Electric-BBQ-basting-1400x900-1-933x600.webp 933w, https:\/\/crossraybbq.com\/wp-content\/uploads\/2024\/02\/Electric-BBQ-basting-1400x900-1-350x225.webp 350w\" \/>\t\t\t\t\t\t\t\n\t\t\t<img decoding=\"async\" src=\"https:\/\/crossraybbq.com\/wp-content\/uploads\/2024\/08\/Electric-video-overlay.webp\" title=\"Electric video overlay\" alt=\"eXtreme electric BBQ\" \/>\t\t\t\t\t\t\t\n\t\t\t\t\tPlay Video\n\t\t\t\t\t\t\t<img loading=\"lazy\" decoding=\"async\" width=\"1440\" height=\"900\" src=\"https:\/\/crossrayglobal.wpenginepowered.com\/wp-content\/uploads\/2024\/02\/Black-Electric-Hotspot-US.webp\" alt=\"Black Electric Hotspot Image\" itemprop=\"image\" title=\"Black-Electric-Hotspot-US\" onerror=\"this.style.display='none'\"  sizes=\"auto, (max-width: 760px) 100vw, 100vw\" srcset=\"https:\/\/crossraybbq.com\/wp-content\/uploads\/2024\/02\/Black-Electric-Hotspot-US.webp 1440w, https:\/\/crossraybbq.com\/wp-content\/uploads\/2024\/02\/Black-Electric-Hotspot-US-300x188.webp 300w, https:\/\/crossraybbq.com\/wp-content\/uploads\/2024\/02\/Black-Electric-Hotspot-US-1024x640.webp 1024w, https:\/\/crossraybbq.com\/wp-content\/uploads\/2024\/02\/Black-Electric-Hotspot-US-768x480.webp 768w, https:\/\/crossraybbq.com\/wp-content\/uploads\/2024\/02\/Black-Electric-Hotspot-US-1400x875.webp 1400w, https:\/\/crossraybbq.com\/wp-content\/uploads\/2024\/02\/Black-Electric-Hotspot-US-700x438.webp 700w, https:\/\/crossraybbq.com\/wp-content\/uploads\/2024\/02\/Black-Electric-Hotspot-US-466x291.webp 466w, https:\/\/crossraybbq.com\/wp-content\/uploads\/2024\/02\/Black-Electric-Hotspot-US-933x583.webp 933w, https:\/\/crossraybbq.com\/wp-content\/uploads\/2024\/02\/Black-Electric-Hotspot-US-350x219.webp 350w\" \/>\t\t\t\t\t\t\t\n<h2>\n\tAmener le barbecue \u00e9lectrique vers de nouveaux sommets\n\t<\/h2>\n\t<p>Le <strong><a href=\"\/fr\/produit\/extreme-portable-electric-bbq\/\" target=\"_blank\" rel=\"noopener\">barbecue \u00e9lectrique<\/a><\/strong> le plus puissant sur le march\u00e9, pour quand vous voulez <strong>cuisiner sur le grill<\/strong> sans les tracas des bouteilles de gaz.<\/p>\n\t\t\t<a href=\"\/fr\/produit\/extreme-portable-electric-bbq\/\" target=\"_self\" rel=\"noopener\">\n\t\t\t\t\t\t\tVoir maintenant\n\t\t\t\t\t<\/a>\n\n<\/div><!-- .vgblk-rw-wrapper -->","protected":false},"excerpt":{"rendered":"<p>Pourquoi CROSSRAY? Vous \u00eates \u00e0 la recherche d&rsquo;un barbecue et d&rsquo;une exp\u00e9rience de cuisson en plein air qui soient \u00e0 la fois innovants, sup\u00e9rieurs et diff\u00e9rents de ce que vous connaissez? Ne cherchez plus, CROSSRAY est la r\u00e9ponse. La technologie de cuisson infrarouge CROSSRAY, dont la conception et l&rsquo;innovation ont \u00e9t\u00e9 r\u00e9compens\u00e9es \u00e0 l&rsquo;\u00e9chelle mondiale,&#8230;<\/p>\n","protected":false},"author":2,"featured_media":26497,"parent":0,"menu_order":0,"comment_status":"closed","ping_status":"closed","template":"","meta":{"_acf_changed":false,"footnotes":""},"class_list":["post-27301","page","type-page","status-publish","has-post-thumbnail","hentry"],"acf":[],"_links":{"self":[{"href":"https:\/\/crossraybbq.com\/fr\/wp-json\/wp\/v2\/pages\/27301","targetHints":{"allow":["GET"]}}],"collection":[{"href":"https:\/\/crossraybbq.com\/fr\/wp-json\/wp\/v2\/pages"}],"about":[{"href":"https:\/\/crossraybbq.com\/fr\/wp-json\/wp\/v2\/types\/page"}],"author":[{"embeddable":true,"href":"https:\/\/crossraybbq.com\/fr\/wp-json\/wp\/v2\/users\/2"}],"replies":[{"embeddable":true,"href":"https:\/\/crossraybbq.com\/fr\/wp-json\/wp\/v2\/comments?post=27301"}],"version-history":[{"count":0,"href":"https:\/\/crossraybbq.com\/fr\/wp-json\/wp\/v2\/pages\/27301\/revisions"}],"wp:featuredmedia":[{"embeddable":true,"href":"https:\/\/crossraybbq.com\/fr\/wp-json\/wp\/v2\/media\/26497"}],"wp:attachment":[{"href":"https:\/\/crossraybbq.com\/fr\/wp-json\/wp\/v2\/media?parent=27301"}],"curies":[{"name":"wp","href":"https:\/\/api.w.org\/{rel}","templated":true}]}}