{"id":27302,"date":"2020-08-03T20:31:57","date_gmt":"2020-08-04T03:31:57","guid":{"rendered":"https:\/\/crossraybbq.com\/electric-bbq-range\/"},"modified":"2024-11-08T02:29:21","modified_gmt":"2024-11-08T10:29:21","slug":"electric-bbq-range","status":"publish","type":"page","link":"https:\/\/crossraybbq.com\/fr\/electric-bbq-range\/","title":{"rendered":"Gamme de barbecues \u00e9lectriques"},"content":{"rendered":"<div class=\"vgblk-rw-wrapper limit-wrapper\">\n\n\t<h1>\n\t\t\t\tBarbecues \u00e9lectriques\n\t\t\t<\/h1>\n\t<h4>\n\t\t\t\tavec infrarouge de haute intensit\u00e9\n\t\t\t<\/h4>\n\t\t\t<a href=\"#fom-electric\" target=\"_self\" rel=\"noopener\">\n\t\t\t\t\t\t\tEn savoir plus\n\t\t\t\t\t<\/a>\n<h2>\n\t\tAmener le barbecue \u00e9lectrique vers de nouveaux sommets\n\t<\/h2>\n\t\t\t\t\t\t\t<img loading=\"lazy\" decoding=\"async\" width=\"120\" height=\"72\" src=\"https:\/\/crossrayglobal.wpenginepowered.com\/wp-content\/uploads\/2020\/07\/crossray-bbq-small.png\" alt=\"Crossray BBQ\" itemprop=\"image\" title=\"crossray-bbq-small\" onerror=\"this.style.display='none'\"  sizes=\"auto, \"\/>\t\t\t\t\t\t\t\n\tParfait pour profiter d&rsquo;une exp\u00e9rience de barbecue authentique sans les contraintes des bouteilles de gaz.\n\n<p>Disponible en version portable, ce barbecue de table est parfait pour une utilisation facile, \u00e0 l&rsquo;int\u00e9rieur ou \u00e0 l&rsquo;ext\u00e9rieur. Ajoutez-y un chariot et des \u00e9tag\u00e8res lat\u00e9rales en acier inoxydable repliables pour plus de praticit\u00e9.<\/p>\n<p>.<\/p>\n\t\t\t<img decoding=\"async\" src=\"https:\/\/crossrayglobal.wpenginepowered.com\/wp-content\/uploads\/2024\/02\/Black-Electric-Hotspot-US.webp\" alt=\"Black Electric Hotspot Image\"\/>\n\t\t\t\t\t\t\t<p>Construction en acier inoxydable avec couvercle \u00e0 double paroi, permettant de cuire avec le couvercle ouvert ou ferm\u00e9<\/p>\t\t\t\t\t\t\t\t\t\t\t\t\t\n\t\t\t\t\t\t\t<p>Conception avec un couvercle haut, id\u00e9al pour les plus grosses pi\u00e8ces de viande. Comprend \u00e9galement un gril qui garde les aliments chauds.<\/p>\t\t\t\t\t\t\t\t\t\t\t\t\t\n\t\t\t\t\t\t\t<p>\u00c9l\u00e9ments \u00e9lectriques infrarouges en fibre de carbone \u00e0 haut rendement (2\u00a0x\u00a01100\u00a0W). Il suffit de le brancher.<\/p>\t\t\t\t\t\t\t\t\t\t\t\t\t\n\t\t\t\t\t\t\t<p>\u00c9cran de contr\u00f4le num\u00e9rique programmable. Temp\u00e9rature de la viande et sonde de temp\u00e9rature de la chambre.<\/p>\t\t\t\t\t\t\t\t\t\t\t\t\t\n\t\t\t\t\t\t\t<p>Disponible en deux versions enti\u00e8rement noires. Une version enti\u00e8rement portable et une version avec un chariot assorti.<\/p>\t\t\t\t\t\t\t\t\t\t\t\t\t\n\t\t<h2>\n\tLe barbecue \u00e9lectrique\n\t<\/h2>\n\t\t\t\t<a href=\"\/product\/extreme-portable-electric-bbq\/\" target=\"_self\" itemprop=\"url\" title=\"eXtreme Electric BBQ Portable\" rel=\"noopener\">\n\t\t\t\t\t\t\t<img loading=\"lazy\" decoding=\"async\" src=\"https:\/\/crossraybbq.com\/wp-content\/uploads\/2024\/08\/US-eXtreme-Electric-Portable-angle.webp\" alt=\"eXtreme Electric BBQ Portable\" itemprop=\"image\" height=\"900\" width=\"1440\" data-link-type=\"url\" title=\"US eXtreme Electric Portable angle\" onerror=\"this.style.display='none'\"  sizes=\"auto, (max-width: 760px) 100vw, 100vw\" srcset=\"https:\/\/crossraybbq.com\/wp-content\/uploads\/2024\/08\/US-eXtreme-Electric-Portable-angle.webp 1440w, https:\/\/crossraybbq.com\/wp-content\/uploads\/2024\/08\/US-eXtreme-Electric-Portable-angle-300x188.webp 300w, https:\/\/crossraybbq.com\/wp-content\/uploads\/2024\/08\/US-eXtreme-Electric-Portable-angle-1024x640.webp 1024w, https:\/\/crossraybbq.com\/wp-content\/uploads\/2024\/08\/US-eXtreme-Electric-Portable-angle-768x480.webp 768w, https:\/\/crossraybbq.com\/wp-content\/uploads\/2024\/08\/US-eXtreme-Electric-Portable-angle-1400x875.webp 1400w, https:\/\/crossraybbq.com\/wp-content\/uploads\/2024\/08\/US-eXtreme-Electric-Portable-angle-700x438.webp 700w, https:\/\/crossraybbq.com\/wp-content\/uploads\/2024\/08\/US-eXtreme-Electric-Portable-angle-466x291.webp 466w, https:\/\/crossraybbq.com\/wp-content\/uploads\/2024\/08\/US-eXtreme-Electric-Portable-angle-933x583.webp 933w, https:\/\/crossraybbq.com\/wp-content\/uploads\/2024\/08\/US-eXtreme-Electric-Portable-angle-350x219.webp 350w\" \/>\t\t\t\t\t\t<\/a>\n<h3>\n\t\t<a href=\"\/product\/extreme-portable-electric-bbq\/\" title=\"Barbecue \u00e9lectrique portable eXtreme\" target=\"_self\" rel=\"noopener\">\n\t\tBarbecue \u00e9lectrique portable eXtreme\n\t\t<\/a>\n\t<\/h3>\n\t<p>TCE22HT-US<\/p>\n\t\t\t<a href=\"\/product\/extreme-portable-electric-bbq\/\" target=\"_self\" rel=\"noopener\">\n\t\t\t\t\t\t\tEn savoir plus\n\t\t\t\t\t<\/a>\n\t\t\t\t<a href=\"\/product\/extreme-electric-bbq-with-trolley\/\" target=\"_self\" itemprop=\"url\" title=\"eXtreme Electric BBQ Trolley\" rel=\"noopener\">\n\t\t\t\t\t\t\t<img loading=\"lazy\" decoding=\"async\" src=\"https:\/\/crossraybbq.com\/wp-content\/uploads\/2024\/08\/eXtreme-Electric-trolley-in-situ-US.webp\" alt=\"eXtreme Electric BBQ Trolley\" itemprop=\"image\" height=\"900\" width=\"1440\" data-link-type=\"url\" title=\"eXtreme Electric trolley in-situ US\" onerror=\"this.style.display='none'\"  sizes=\"auto, (max-width: 760px) 100vw, 100vw\" srcset=\"https:\/\/crossraybbq.com\/wp-content\/uploads\/2024\/08\/eXtreme-Electric-trolley-in-situ-US.webp 1440w, https:\/\/crossraybbq.com\/wp-content\/uploads\/2024\/08\/eXtreme-Electric-trolley-in-situ-US-300x188.webp 300w, https:\/\/crossraybbq.com\/wp-content\/uploads\/2024\/08\/eXtreme-Electric-trolley-in-situ-US-1024x640.webp 1024w, https:\/\/crossraybbq.com\/wp-content\/uploads\/2024\/08\/eXtreme-Electric-trolley-in-situ-US-768x480.webp 768w, https:\/\/crossraybbq.com\/wp-content\/uploads\/2024\/08\/eXtreme-Electric-trolley-in-situ-US-1400x875.webp 1400w, https:\/\/crossraybbq.com\/wp-content\/uploads\/2024\/08\/eXtreme-Electric-trolley-in-situ-US-700x438.webp 700w, https:\/\/crossraybbq.com\/wp-content\/uploads\/2024\/08\/eXtreme-Electric-trolley-in-situ-US-466x291.webp 466w, https:\/\/crossraybbq.com\/wp-content\/uploads\/2024\/08\/eXtreme-Electric-trolley-in-situ-US-933x583.webp 933w, https:\/\/crossraybbq.com\/wp-content\/uploads\/2024\/08\/eXtreme-Electric-trolley-in-situ-US-350x219.webp 350w\" \/>\t\t\t\t\t\t<\/a>\n<h3>\n\t\t<a href=\"\/product\/extreme-portable-electric-bbq\/\" title=\"barbecue \u00e9lectrique eXtreme avec chariot\" target=\"_self\" rel=\"noopener\">\n\t\tbarbecue \u00e9lectrique eXtreme avec chariot\n\t\t<\/a>\n\t<\/h3>\n\t<p>TCE22TR<\/p>\n\t\t\t<a href=\"\/product\/extreme-electric-bbq-with-trolley\/\" target=\"_self\" rel=\"noopener\">\n\t\t\t\t\t\t\tEn savoir plus\n\t\t\t\t\t<\/a>\n\t<iframe allowfullscreen allow=\"autoplay\" data-src=\"https:\/\/www.youtube.com\/embed\/XUiKIWcY87U?feature=oembed&amp;start&amp;end&amp;wmode=opaque&amp;loop=0&amp;controls=1&amp;mute=0&amp;rel=0&amp;modestbranding=0\"><\/iframe>\t\t\n\t\t\t\t\tPlay Video\n\t\t\t\t\t\t\t<img loading=\"lazy\" decoding=\"async\" width=\"600\" height=\"524\" src=\"https:\/\/crossrayglobal.wpenginepowered.com\/wp-content\/uploads\/2020\/08\/Crossray-Sizzle-Thumb.jpg\" alt=\"electric bbq\" itemprop=\"image\" title=\"Crossray-Sizzle-Thumb\" onerror=\"this.style.display='none'\"  sizes=\"auto, (max-width: 760px) 100vw, 100vw\" srcset=\"https:\/\/crossraybbq.com\/wp-content\/uploads\/2020\/08\/Crossray-Sizzle-Thumb.jpg 600w, https:\/\/crossraybbq.com\/wp-content\/uploads\/2020\/08\/Crossray-Sizzle-Thumb-466x407.jpg 466w, https:\/\/crossraybbq.com\/wp-content\/uploads\/2020\/08\/Crossray-Sizzle-Thumb-300x262.jpg 300w, https:\/\/crossraybbq.com\/wp-content\/uploads\/2020\/08\/Crossray-Sizzle-Thumb-350x306.jpg 350w\" \/>\t\t\t\t\t\t\t\n<h2>\n\tBranchez, pr\u00e9chauffez et pr\u00e9parez-vous \u00e0 griller.\n\t<\/h2>\n\t<p>Le barbecue le plus puissant du march\u00e9. Le barbecue \u00e9lectrique CROSSRAY offre une exp\u00e9rience de cuisson similaire \u00e0 celle d&rsquo;un barbecue au gaz traditionnel, gr\u00e2ce \u00e0 sa technologie unique d&rsquo;\u00e9l\u00e9ments infrarouges \u00e9lectriques \u00e0 haute intensit\u00e9. C&rsquo;est comme cuisiner sur des braises incandescentes. Parfait pour une utilisation facile \u00e0 l&rsquo;int\u00e9rieur comme \u00e0 l&rsquo;ext\u00e9rieur.<\/p>\n\n<\/div><!-- .vgblk-rw-wrapper -->","protected":false},"excerpt":{"rendered":"<p>Barbecues \u00e9lectriques avec infrarouge de haute intensit\u00e9 En savoir plus Amener le barbecue \u00e9lectrique vers de nouveaux sommets Parfait pour profiter d&rsquo;une exp\u00e9rience de barbecue authentique sans les contraintes des bouteilles de gaz. Disponible en version portable, ce barbecue de table est parfait pour une utilisation facile, \u00e0 l&rsquo;int\u00e9rieur ou \u00e0 l&rsquo;ext\u00e9rieur. Ajoutez-y un chariot&#8230;<\/p>\n","protected":false},"author":2,"featured_media":0,"parent":0,"menu_order":0,"comment_status":"closed","ping_status":"closed","template":"","meta":{"_acf_changed":false,"footnotes":""},"class_list":["post-27302","page","type-page","status-publish","hentry"],"acf":[],"_links":{"self":[{"href":"https:\/\/crossraybbq.com\/fr\/wp-json\/wp\/v2\/pages\/27302","targetHints":{"allow":["GET"]}}],"collection":[{"href":"https:\/\/crossraybbq.com\/fr\/wp-json\/wp\/v2\/pages"}],"about":[{"href":"https:\/\/crossraybbq.com\/fr\/wp-json\/wp\/v2\/types\/page"}],"author":[{"embeddable":true,"href":"https:\/\/crossraybbq.com\/fr\/wp-json\/wp\/v2\/users\/2"}],"replies":[{"embeddable":true,"href":"https:\/\/crossraybbq.com\/fr\/wp-json\/wp\/v2\/comments?post=27302"}],"version-history":[{"count":0,"href":"https:\/\/crossraybbq.com\/fr\/wp-json\/wp\/v2\/pages\/27302\/revisions"}],"wp:attachment":[{"href":"https:\/\/crossraybbq.com\/fr\/wp-json\/wp\/v2\/media?parent=27302"}],"curies":[{"name":"wp","href":"https:\/\/api.w.org\/{rel}","templated":true}]}}