{"id":27305,"date":"2020-08-05T00:02:35","date_gmt":"2020-08-05T07:02:35","guid":{"rendered":"https:\/\/crossraybbq.com\/contact-us\/"},"modified":"2025-02-04T03:02:20","modified_gmt":"2025-02-04T11:02:20","slug":"contact-us","status":"publish","type":"page","link":"https:\/\/crossraybbq.com\/fr\/contact-us\/","title":{"rendered":"Contactez-nous"},"content":{"rendered":"<div class=\"vgblk-rw-wrapper limit-wrapper\">\n\n\t<h1>\n\t\t\t\tContactez-nous\n\t\t\t<\/h1>\n\t<h4>\n\t\t\t\tn&rsquo;h\u00e9sitez pas \u00e0 nous contacter si vous avez besoin de quoi que ce soit\n\t\t\t<\/h4>\n\t\t\t<a href=\"#contact\" target=\"_self\">\n\t\t\t\t\t\t\tContactez-nous \n\t\t\t\t\t<\/a>\n<h2>\n\t\tNous sommes l\u00e0 quand vous avez besoin de nous\n\t<\/h2>\n\t\t\t\t\t\t\t<img decoding=\"async\" width=\"120\" height=\"72\" src=\"https:\/\/crossrayglobal.wpenginepowered.com\/wp-content\/uploads\/2020\/07\/crossray-bbq-small.png\" alt=\"Crossray BBQ\" itemprop=\"image\" title=\"crossray-bbq-small\" onerror=\"this.style.display='none'\"  sizes=\"\"\/>\t\t\t\t\t\t\t\n<h4>\n\t\tAdresse\n\t<\/h4>\n\t<strong>Si\u00e8ge social<\/strong><br \/>\nAMD Direct Inc.<br \/>\n14520 Delta Lane, Ste 105,<br \/>\nHuntington Beach, CA 92647\n\t<p>T\u00e9l\u00e9phone\u00a0: 800\u00a0966-8126<\/p>\n<h4>\n\t\tFormulaire de contact\n\t<\/h4>\n\t\t\t\t<h2>T\u00e9moignages<\/h2>\n\t\t\t\t\t\t\t<p>\u00ab D\u00e8s le d\u00e9but, l&rsquo;exp\u00e9rience d&rsquo;achat et d&rsquo;utilisation du BARBECUE CROSSRAY a \u00e9t\u00e9 divine. J&rsquo;ai command\u00e9 directement de CROSSRAY \u00e0 Melbourne apr\u00e8s avoir discut\u00e9 du fonctionnement et des avantages avec le personnel l\u00e0-bas. Il a \u00e9t\u00e9 livr\u00e9 de mani\u00e8re transparente le lendemain \u00e0 Sydney. Ouah ! \u00bb<\/p>\n\t\t\t\t\t\t\t\t\t<h4>Steve<\/h4>\n\t\t\t\t\t\t\t\t\t\t\t\t\t<h4>*****<\/h4>\n\t\t\t\t\t\t\t<p>\u00ab Le barbecue CROSSRAY est exactement comme ils l&rsquo;ont dit, c&rsquo;est-\u00e0-dire rapide, m\u00eame chaleur, facile \u00e0 nettoyer et une joie de cuisiner sur \u00bb<\/p>\n\t\t\t\t\t\t\t\t\t<h4>The Thompsons<\/h4>\n\t\t\t\t\t\t\t\t\t\t\t\t\t<h4>*****<\/h4>\n\t\t\t\t\t\t\t<p>\u00ab C&rsquo;est un produit de haute qualit\u00e9 avec lequel cuisiner est brillant, le processus de cuisson est un peu diff\u00e9rent, mais lorsque vous vous y habituez, il cuit magnifiquement et rapidement. \u00bb<\/p>\n\t\t\t\t\t\t\t\t\t<h4>Ray H<\/h4>\n\t\t\t\t\t\t\t\t\t\t\t\t\t<h4>*****<\/h4>\n\t\t\t\t\t\t\t<p>\u00ab Cuisine la nourriture magnifiquement et rapidement, a \u00e9t\u00e9 le plus impressionn\u00e9 par la qualit\u00e9 et le design. \u00bb<\/p>\n\t\t\t\t\t\t\t\t\t<h4>James B<\/h4>\n\t\t\t\t\t\t\t\t\t\t\t\t\t<h4>*****<\/h4>\n\t\t\t\t\t\t\t<p>\u00ab Ce barbecue devient chaud et rapide donnant un excellent steak br\u00fblant. J&rsquo;ai cuisin\u00e9 pour un grand nombre de personnes et comme il cuit si rapidement, la nourriture est allum\u00e9e et \u00e9teinte avec un minimum d&rsquo;attente. Les invit\u00e9s impressionn\u00e9s par la vitesse et la succulence de ce BARBECUE offre \u00e9tonnant m\u00eame mes amis Webber die dur. \u00bb<\/p>\n\t\t\t\t\t\t\t\t\t<h4>Leo<\/h4>\n\t\t\t\t\t\t\t\t\t\t\t\t\t<h4>*****<\/h4>\n\t\t\t\t\t\t\t<p>\u00ab Au niveau du prix, je le consid\u00e8re assez pr\u00e8s de la perfection. Il chauffe rapidement, n&rsquo;est pas sujet aux pouss\u00e9es et fournit une forte chaleur rayonnante qui sears et cuit bien tous les aliments pour lesquelles je l&rsquo;ai utilis\u00e9. \u00bb<\/p>\n\t\t\t\t\t\t\t\t\t<h4>Enzo<\/h4>\n\t\t\t\t\t\t\t\t\t\t\t\t\t<h4>*****<\/h4>\n\t<!-- \/.pp-testimonials -->\n\n<\/div><!-- .vgblk-rw-wrapper -->","protected":false},"excerpt":{"rendered":"<p>Contactez-nous n&rsquo;h\u00e9sitez pas \u00e0 nous contacter si vous avez besoin de quoi que ce soit Contactez-nous Nous sommes l\u00e0 quand vous avez besoin de nous Adresse Si\u00e8ge social AMD Direct Inc. 14520 Delta Lane, Ste 105, Huntington Beach, CA 92647 T\u00e9l\u00e9phone\u00a0: 800\u00a0966-8126 Formulaire de contact T\u00e9moignages \u00ab D\u00e8s le d\u00e9but, l&rsquo;exp\u00e9rience d&rsquo;achat et d&rsquo;utilisation du&#8230;<\/p>\n","protected":false},"author":2,"featured_media":26497,"parent":0,"menu_order":0,"comment_status":"closed","ping_status":"closed","template":"","meta":{"_acf_changed":false,"footnotes":""},"class_list":["post-27305","page","type-page","status-publish","has-post-thumbnail","hentry"],"acf":[],"_links":{"self":[{"href":"https:\/\/crossraybbq.com\/fr\/wp-json\/wp\/v2\/pages\/27305","targetHints":{"allow":["GET"]}}],"collection":[{"href":"https:\/\/crossraybbq.com\/fr\/wp-json\/wp\/v2\/pages"}],"about":[{"href":"https:\/\/crossraybbq.com\/fr\/wp-json\/wp\/v2\/types\/page"}],"author":[{"embeddable":true,"href":"https:\/\/crossraybbq.com\/fr\/wp-json\/wp\/v2\/users\/2"}],"replies":[{"embeddable":true,"href":"https:\/\/crossraybbq.com\/fr\/wp-json\/wp\/v2\/comments?post=27305"}],"version-history":[{"count":0,"href":"https:\/\/crossraybbq.com\/fr\/wp-json\/wp\/v2\/pages\/27305\/revisions"}],"wp:featuredmedia":[{"embeddable":true,"href":"https:\/\/crossraybbq.com\/fr\/wp-json\/wp\/v2\/media\/26497"}],"wp:attachment":[{"href":"https:\/\/crossraybbq.com\/fr\/wp-json\/wp\/v2\/media?parent=27305"}],"curies":[{"name":"wp","href":"https:\/\/api.w.org\/{rel}","templated":true}]}}