{"id":27311,"date":"2021-12-14T04:52:37","date_gmt":"2021-12-14T12:52:37","guid":{"rendered":"https:\/\/crossraybbq.com\/blog-news\/"},"modified":"2024-11-13T02:10:09","modified_gmt":"2024-11-13T10:10:09","slug":"blog-news","status":"publish","type":"page","link":"https:\/\/crossraybbq.com\/fr\/blog-news\/","title":{"rendered":"Blogue\/Actualit\u00e9s"},"content":{"rendered":"<div class=\"vgblk-rw-wrapper limit-wrapper\">\n\n\t\t\t\t\t\t\t\t\t\t\t\t\t\t<a href=\"https:\/\/crossraybbq.com\/fr\/backyard-bbq-party-planning-tips-for-hosting-the-perfect-barbie\/\" target=\"_self\" title=\"Planification d&#8217;une f\u00eate de barbecue en plein air\u00a0-\u00a0Conseils pour organiser le barbecue parfait\" rel=\"noopener\">\n\t\t\t\t<img decoding=\"async\" src=\"https:\/\/crossraybbq.com\/wp-content\/uploads\/2024\/01\/Perfect-BBQ-1024x640.webp\" alt=\"\" \/>\n\t\t\t\t<\/a>\n\t\t\t\t\t\t<h3>\n\t\t\t\t<a href=https:\/\/crossraybbq.com\/fr\/backyard-bbq-party-planning-tips-for-hosting-the-perfect-barbie\/ title=\"Planification d&#8217;une f\u00eate de barbecue en plein air\u00a0-\u00a0Conseils pour organiser le barbecue parfait\" tabindex=\"0\">Planification d&#8217;une f\u00eate de barbecue en plein air\u00a0&#8211;\u00a0Conseils pour organiser le barbecue parfait<\/a>\t\t\t<\/h3>\n\t\t\t\t\t\t\t\tEn Australie, un barbecue en plein air est bien plus qu&rsquo;un repas\u00a0: c&rsquo;est un v\u00e9ritable rituel culturel. Alors, \u00e0 mesure que le temps se r\u00e9chauffe et que les jours s&rsquo;allongent, il est temps de d\u00e9poussi\u00e9rer le barbecue et penser \u00e0 vos nouvelles recettes. Voici sept conseils essentiels pour transformer votre barbecue en un \u00e9v\u00e9nement m\u00e9morable \u00e0 l&rsquo;australienne.\n\t\t\t\t\t<a href=\"https:\/\/crossraybbq.com\/fr\/backyard-bbq-party-planning-tips-for-hosting-the-perfect-barbie\/\" title=\"Lire la suite\" target=\"_self\" rel=\"noopener\">Lire la suite &#8594;<\/a>\t\t\n\t\t\t\t\t\t\t\t\t\t\t\t\t\t<a href=\"https:\/\/crossraybbq.com\/fr\/is-the-future-of-bbq-electric\/\" target=\"_self\" title=\"L&#8217;avenir du barbecue est-il \u00e9lectrique?\" rel=\"noopener\">\n\t\t\t\t<img decoding=\"async\" src=\"https:\/\/crossraybbq.com\/wp-content\/uploads\/2023\/08\/Skewers-1024x640.webp\" alt=\"\" \/>\n\t\t\t\t<\/a>\n\t\t\t\t\t\t<h3>\n\t\t\t\t<a href=https:\/\/crossraybbq.com\/fr\/is-the-future-of-bbq-electric\/ title=\"L&#8217;avenir du barbecue est-il \u00e9lectrique?\" tabindex=\"0\">L&#8217;avenir du barbecue est-il \u00e9lectrique?<\/a>\t\t\t<\/h3>\n\t\t\t\t\t\t\t\tOn peut dire que la cuisine est \u00e0 la fois le c\u0153ur et l&rsquo;\u00e2me de la maison. Mais, de nos jours, la cuisson sur un feu ouvert a \u00e9t\u00e9 remplac\u00e9e par la cuisson au micro-ondes, au four ou la friture quand vient le temps de pr\u00e9parer nos repas. \n\t\t\t\t\t<a href=\"https:\/\/crossraybbq.com\/fr\/is-the-future-of-bbq-electric\/\" title=\"Lire la suite\" target=\"_self\" rel=\"noopener\">Lire la suite &#8594;<\/a>\t\t\n\t\t\t\t\t\t\t\t\t\t\t\t\t\t<a href=\"https:\/\/crossraybbq.com\/fr\/are-electric-bbqs-as-good-as-gas-bbqs\/\" target=\"_self\" title=\"Les barbecues \u00e9lectriques sont-ils aussi bons que les barbecues \u00e0 gaz?\" rel=\"noopener\">\n\t\t\t\t<img decoding=\"async\" src=\"https:\/\/crossraybbq.com\/wp-content\/uploads\/2024\/02\/Black-Electric-Hotspot-US-1024x640.webp\" alt=\"\" \/>\n\t\t\t\t<\/a>\n\t\t\t\t\t\t<h3>\n\t\t\t\t<a href=https:\/\/crossraybbq.com\/fr\/are-electric-bbqs-as-good-as-gas-bbqs\/ title=\"Les barbecues \u00e9lectriques sont-ils aussi bons que les barbecues \u00e0 gaz?\" tabindex=\"0\">Les barbecues \u00e9lectriques sont-ils aussi bons que les barbecues \u00e0 gaz?<\/a>\t\t\t<\/h3>\n\t\t\t\t\t\t\t\tOn peut dire que la cuisine est \u00e0 la fois le c\u0153ur et l&rsquo;\u00e2me de la maison. Mais, de nos jours, la cuisson sur un feu ouvert a \u00e9t\u00e9 remplac\u00e9e par la cuisson au micro-ondes, au four ou la friture quand vient le temps de pr\u00e9parer nos repas. \n\t\t\t\t\t<a href=\"https:\/\/crossraybbq.com\/fr\/are-electric-bbqs-as-good-as-gas-bbqs\/\" title=\"Lire la suite\" target=\"_self\" rel=\"noopener\">Lire la suite &#8594;<\/a>\t\t\n\t\t\t\t\t\t\t\t\t\t\t\t\t\t<a href=\"https:\/\/crossraybbq.com\/fr\/citrus-pork-shoulder-electric-bbq-recipe\/\" target=\"_self\" title=\"Recette d&#8217;\u00e9paule de porc aux agrumes cuite sur le barbecue \u00e9lectrique\" rel=\"noopener\">\n\t\t\t\t<img decoding=\"async\" src=\"https:\/\/crossraybbq.com\/wp-content\/uploads\/2023\/04\/Citrus-Pork-Shoulder-with-Buttered-Peas-Mustard-Blog-1024x576.jpg\" alt=\"\" \/>\n\t\t\t\t<\/a>\n\t\t\t\t\t\t<h3>\n\t\t\t\t<a href=https:\/\/crossraybbq.com\/fr\/citrus-pork-shoulder-electric-bbq-recipe\/ title=\"Recette d&#8217;\u00e9paule de porc aux agrumes cuite sur le barbecue \u00e9lectrique\" tabindex=\"0\">Recette d&#8217;\u00e9paule de porc aux agrumes cuite sur le barbecue \u00e9lectrique<\/a>\t\t\t<\/h3>\n\t\t\t\t\t\t\t\tAvec le temps qui se rafra\u00eechit, cette recette d&rsquo;\u00e9paule de porc aux agrumes accompagn\u00e9e de petits pois au beurre et de moutarde, cuite sur le barbecue \u00e9lectrique, est le plat r\u00e9confortant id\u00e9al.\n\t\t\t\t\t<a href=\"https:\/\/crossraybbq.com\/fr\/citrus-pork-shoulder-electric-bbq-recipe\/\" title=\"Lire la suite\" target=\"_self\" rel=\"noopener\">Lire la suite &#8594;<\/a>\t\t\n\t\t\t\t\t\t\t\t\t\t\t\t\t\t<a href=\"https:\/\/crossraybbq.com\/fr\/breakfast-capsicum-eggs\/\" target=\"_self\" title=\"Oeufs au poivron\" rel=\"noopener\">\n\t\t\t\t<img decoding=\"async\" src=\"https:\/\/crossraybbq.com\/wp-content\/uploads\/2022\/08\/Breakfast-Capsicum-Eggs-3-1024x576.jpg\" alt=\"\" \/>\n\t\t\t\t<\/a>\n\t\t\t\t\t\t<h3>\n\t\t\t\t<a href=https:\/\/crossraybbq.com\/fr\/breakfast-capsicum-eggs\/ title=\"Oeufs au poivron\" tabindex=\"0\">Oeufs au poivron<\/a>\t\t\t<\/h3>\n\t\t\t\t\t\t\t\tUn plat simple, savoureux et rassasiant qui ne manquera pas d&rsquo;impressionner.\n\t\t\t\t\t<a href=\"https:\/\/crossraybbq.com\/fr\/breakfast-capsicum-eggs\/\" title=\"Lire la suite\" target=\"_self\" rel=\"noopener\">Lire la suite &#8594;<\/a>\t\t\n\t\t\t\t\t\t\t\t\t\t\t\t\t\t<a href=\"https:\/\/crossraybbq.com\/fr\/peppered-steak-with-caramelised-onions\/\" target=\"_self\" title=\"Steak au poivre et oignons caram\u00e9lis\u00e9s\" rel=\"noopener\">\n\t\t\t\t<img decoding=\"async\" src=\"https:\/\/crossraybbq.com\/wp-content\/uploads\/2022\/07\/Peppered-Steak-with-Caramelised-Onions-recipe1-1024x576.jpg\" alt=\"\" \/>\n\t\t\t\t<\/a>\n\t\t\t\t\t\t<h3>\n\t\t\t\t<a href=https:\/\/crossraybbq.com\/fr\/peppered-steak-with-caramelised-onions\/ title=\"Steak au poivre et oignons caram\u00e9lis\u00e9s\" tabindex=\"0\">Steak au poivre et oignons caram\u00e9lis\u00e9s<\/a>\t\t\t<\/h3>\n\t\t\t\t\t\t\t\tUn plat simple, savoureux et rassasiant qui ne manquera pas d&rsquo;impressionner.\n\t\t\t\t\t<a href=\"https:\/\/crossraybbq.com\/fr\/peppered-steak-with-caramelised-onions\/\" title=\"Lire la suite\" target=\"_self\" rel=\"noopener\">Lire la suite &#8594;<\/a>\t\t\n\n<\/div><!-- .vgblk-rw-wrapper -->","protected":false},"excerpt":{"rendered":"<p>Planification d&#8217;une f\u00eate de barbecue en plein air\u00a0&#8211;\u00a0Conseils pour organiser le barbecue parfait En Australie, un barbecue en plein air est bien plus qu&rsquo;un repas\u00a0: c&rsquo;est un v\u00e9ritable rituel culturel. Alors, \u00e0 mesure que le temps se r\u00e9chauffe et que les jours s&rsquo;allongent, il est temps de d\u00e9poussi\u00e9rer le barbecue et penser \u00e0 vos nouvelles&#8230;<\/p>\n","protected":false},"author":3,"featured_media":26842,"parent":0,"menu_order":0,"comment_status":"closed","ping_status":"closed","template":"","meta":{"_acf_changed":false,"footnotes":""},"class_list":["post-27311","page","type-page","status-publish","has-post-thumbnail","hentry"],"acf":[],"_links":{"self":[{"href":"https:\/\/crossraybbq.com\/fr\/wp-json\/wp\/v2\/pages\/27311","targetHints":{"allow":["GET"]}}],"collection":[{"href":"https:\/\/crossraybbq.com\/fr\/wp-json\/wp\/v2\/pages"}],"about":[{"href":"https:\/\/crossraybbq.com\/fr\/wp-json\/wp\/v2\/types\/page"}],"author":[{"embeddable":true,"href":"https:\/\/crossraybbq.com\/fr\/wp-json\/wp\/v2\/users\/3"}],"replies":[{"embeddable":true,"href":"https:\/\/crossraybbq.com\/fr\/wp-json\/wp\/v2\/comments?post=27311"}],"version-history":[{"count":0,"href":"https:\/\/crossraybbq.com\/fr\/wp-json\/wp\/v2\/pages\/27311\/revisions"}],"wp:featuredmedia":[{"embeddable":true,"href":"https:\/\/crossraybbq.com\/fr\/wp-json\/wp\/v2\/media\/26842"}],"wp:attachment":[{"href":"https:\/\/crossraybbq.com\/fr\/wp-json\/wp\/v2\/media?parent=27311"}],"curies":[{"name":"wp","href":"https:\/\/api.w.org\/{rel}","templated":true}]}}