{"id":27329,"date":"2020-08-05T21:07:01","date_gmt":"2020-08-06T04:07:01","guid":{"rendered":"https:\/\/crossraybbq.com\/a-propos-de-nous\/"},"modified":"2024-11-13T02:34:13","modified_gmt":"2024-11-13T10:34:13","slug":"a-propos-de-nous","status":"publish","type":"page","link":"https:\/\/crossraybbq.com\/fr\/a-propos-de-nous\/","title":{"rendered":"\u00c0 propos de nous"},"content":{"rendered":"<div class=\"vgblk-rw-wrapper limit-wrapper\">\n\n\t<h3>\n\t\t\t\t\tFaire d&rsquo;un r\u00eave une\n\t\t\t\tPreview text\t\t\t\n\t\t\t<\/h3>\n\t<p>Le r\u00eave de cr\u00e9er l&rsquo;exp\u00e9rience ultime de cuisson en plein air est d\u00e9sormais une r\u00e9alit\u00e9 pour l&rsquo;\u00e9quipe de CROSSRAY BBQ. Apr\u00e8s 14 ans de recherche et de perfectionnement, ils ont pouss\u00e9 l&rsquo;innovation, le design et l&rsquo;efficacit\u00e9 vers de nouveaux sommets.<\/p>\n<p>La passion et la vision du designer Mark Stone (en collaboration avec l&rsquo;\u00e9quipe de renomm\u00e9e mondiale de Porsche Design), de pair avec la qualit\u00e9 et les performances des barbecues de CROSSRAY sont d\u00e9sormais reconnues comme des r\u00e9f\u00e9rences dans l&rsquo;industrie.<\/p>\n<p>Consid\u00e9r\u00e9s comme la \u00ab Porsche des barbecues \u00bb, ces mod\u00e8les pr\u00e9sentent de nombreuses similitudes avec leur homonyme : un design \u00e9l\u00e9gant et styl\u00e9 qui cache un moteur puissant, pr\u00eat \u00e0 atteindre sa pleine puissance en quelques secondes!<\/p>\n<p>Le c\u0153ur des barbecues CROSSWAY repose sur des br\u00fbleurs infrarouges \u00e0 combustion de surface r\u00e9volutionnaires, garantissant une chaleur uniforme et intense sur toute la surface de cuisson.<\/p>\n<p>Le barbecue CROSSRAY<sup>\u00ae<\/sup> est le seul barbecue capable de fournir une chaleur uniforme et contr\u00f4lable de 110 \u00b0C\/230 \u00b0F \u00e0 pr\u00e8s de 400 \u00b0C\/750 \u00b0F, tout en utilisant 50 % de gaz en moins pour atteindre ces temp\u00e9ratures exceptionnelles.<\/p>\n<p>Cette chaleur intense permet \u00e0 CROSSRAY de red\u00e9finir le barbecue au gaz d&rsquo;ext\u00e9rieur et d&rsquo;imiter parfaitement la fa\u00e7on traditionnelle de cuisiner sur un lit de charbons ardents.<\/p>\n<p>Avec des options d&rsquo;utilisation suppl\u00e9mentaires, comme four classique, four \u00e0 pizza, fumoir basse temp\u00e9rature, gril conventionnel et m\u00eame four \u00e0 bois traditionnel, le barbecue CROSSRAY incarne la d\u00e9finition m\u00eame d&rsquo;un appareil de cuisson multifonction.<\/p>\n<p>Et il est incroyablement simple \u00e0 utiliser : le barbecue permet \u00e0 tout le monde d&rsquo;obtenir une cuisson de qualit\u00e9 professionnelle.<\/p>\n<h2>\n\tCollaboration avec Porsche Design Studio\n\t<\/h2>\n\t<p>La conception r\u00e9volutionnaire et la performance exceptionnelle du barbecue CROSSRAY ne sont pas le fruit du hasard : le designer Mark Stone a scrut\u00e9 chaque d\u00e9tail dans sa qu\u00eate d&rsquo;une cuisine ext\u00e9rieure parfaite.<\/p>\n<p>Mark nourrissait un d\u00e9sir ardent, une v\u00e9ritable passion, pour cr\u00e9er quelque chose de nouveau et d&rsquo;audacieux dans le monde traditionnel et souvent conservateur du design de barbecue.<\/p>\n<p>Il a bien atteint son objectif : la technologie de br\u00fbleurs infrarouges brevet\u00e9e de CROSSRAY en fait le barbecue le plus puissant et le plus efficace du march\u00e9.<\/p>\n<p>Il est ensuite all\u00e9 l\u00e0 o\u00f9 peu osaient s&rsquo;aventurer, en collaborant avec une marque de renomm\u00e9e mondiale pour int\u00e9grer cette chaleur intense et saisissante dans une unit\u00e9 \u00e9l\u00e9gante, dont tout amateur de barbecue serait fier.<\/p>\n<p>Rien de moins que le Porsche Design Studio a \u00e9t\u00e9 impliqu\u00e9 dans les premi\u00e8res \u00e9tapes de d\u00e9veloppement du barbecue CROSSRAY, int\u00e9grant cette technologie brevet\u00e9e dans un design \u00e9l\u00e9gant \u00e9voquant les lignes d&rsquo;une voiture de sport.<\/p>\n<p>Le concept du \u00ab Grill Car \u00bb propos\u00e9 par Porsche a \u00e9t\u00e9 acclam\u00e9 comme un chef-d&rsquo;\u0153uvre, alliant fonctionnalit\u00e9 exceptionnelle et puret\u00e9 esth\u00e9tique. Ce succ\u00e8s lui a valu le titre de \u00ab Porsche des barbecue \u00bb, propulsant ainsi le barbecue CROSSRAY au sommet de l&rsquo;art culinaire en plein air.<\/p>\n<p>&nbsp;<\/p>\n\t\t\t\t\t\t\t<img loading=\"lazy\" decoding=\"async\" width=\"1440\" height=\"900\" src=\"https:\/\/crossrayglobal.wpenginepowered.com\/wp-content\/uploads\/2024\/02\/Upper-Grill-2.webp\" alt=\"upper grill\" itemprop=\"image\" title=\"Upper Grill 2\" onerror=\"this.style.display='none'\"  sizes=\"auto, (max-width: 760px) 100vw, 100vw\" srcset=\"https:\/\/crossraybbq.com\/wp-content\/uploads\/2024\/02\/Upper-Grill-2.webp 1440w, https:\/\/crossraybbq.com\/wp-content\/uploads\/2024\/02\/Upper-Grill-2-300x188.webp 300w, https:\/\/crossraybbq.com\/wp-content\/uploads\/2024\/02\/Upper-Grill-2-1024x640.webp 1024w, https:\/\/crossraybbq.com\/wp-content\/uploads\/2024\/02\/Upper-Grill-2-768x480.webp 768w, https:\/\/crossraybbq.com\/wp-content\/uploads\/2024\/02\/Upper-Grill-2-1400x875.webp 1400w, https:\/\/crossraybbq.com\/wp-content\/uploads\/2024\/02\/Upper-Grill-2-700x438.webp 700w, https:\/\/crossraybbq.com\/wp-content\/uploads\/2024\/02\/Upper-Grill-2-466x291.webp 466w, https:\/\/crossraybbq.com\/wp-content\/uploads\/2024\/02\/Upper-Grill-2-933x583.webp 933w, https:\/\/crossraybbq.com\/wp-content\/uploads\/2024\/02\/Upper-Grill-2-350x219.webp 350w\" \/>\t\t\t\t\t\t\t\n<h2>\n\tUnique sur le march\u00e9\n\t<\/h2>\n\t<p>M. Stone avoue \u00eatre extr\u00eamement fier du magnifique produit CROSSRAY que nous voyons aujourd&rsquo;hui.<\/p>\n<p>\u00ab Cela fait environ 14 ans que je suis impliqu\u00e9 dans le concept de CROSSRAY, et c&rsquo;est tr\u00e8s satisfaisant de voir cette id\u00e9e se concr\u00e9tiser avec quelque chose de compl\u00e8tement unique sur le march\u00e9 \u00bb, a d\u00e9clar\u00e9 M. Stone.<\/p>\n<p>\u00ab Ce que nous avons essay\u00e9 d&rsquo;accomplir, c&rsquo;est de reproduire l&rsquo;effet de cuisson sur un lit de charbons ardents. La grande diff\u00e9rence, c&rsquo;est que nous utilisons une chaleur infrarouge indirecte dans la chambre de combustion, et cuisiner avec l&rsquo;infrarouge est tr\u00e8s diff\u00e9rent de cuire sur une flamme nue. \u00bb<\/p>\n<p>\u00ab Avec le syst\u00e8me CROSSRAY, nous obtenons une chaleur intense, tr\u00e8s uniforme, ce qui est impossible \u00e0 r\u00e9aliser avec un syst\u00e8me de br\u00fbleur traditionnel. \u00bb<\/p>\n<p>Mark a ajout\u00e9 que la construction \u00e9l\u00e9gante mais durable du barbecue servait de couverture parfaite pour une unit\u00e9 efficace et facile \u00e0 utiliser, tout en offrant une intensit\u00e9 de cuisson in\u00e9gal\u00e9e par ses concurrents.<\/p>\n<p>\u00ab Le m\u00e9tal rouille dans un environnement ext\u00e9rieur, donc nous avons opt\u00e9 pour une construction en acier inoxydable 304 de haute qualit\u00e9, accompagn\u00e9e de panneaux lat\u00e9raux en aluminium moul\u00e9 sous pression, afin de garantir la durabilit\u00e9 de cette technologie. \u00bb<\/p>\n<p>\u00ab De plus, comme la chambre de combustion du barbecue CROSSRAY peut \u00eatre presque compl\u00e8tement scell\u00e9e, nous pouvons utiliser environ 50 % moins de gaz tout en produisant 50 % de chaleur en plus. \u00bb<\/p>\n<p>\u00ab Et le syst\u00e8me chauffe tr\u00e8s rapidement. Il suffit de baisser le couvercle et de faire fonctionner tous les br\u00fbleurs pendant environ cinq minutes pour que le barbecue atteigne la temp\u00e9rature optimale de cuisson. \u00bb<\/p>\n<p>\u00ab Avec CROSSRAY, tout le monde peut \u00eatre un chef cuisinier. \u00bb<\/p>\n\t<h3>\n\t\t\t\t\tPrim\u00e9\n\t\t\t\tPreview text\t\t\t\n\t\t\t\t\tConception\n\t\t\t<\/h3>\n\tCROSSRAY a \u00e9t\u00e9 reconnue pour son excellence en mati\u00e8re de conception, remportant r\u00e9cemment un prestigieux Good Design Award pour sa conception et son innovation exceptionnelles.<br \/>\nLe jury des Good Design Awards a comment\u00e9 :\n<p><i>\u00ab Le jury a \u00e9t\u00e9 impressionn\u00e9 par les portes \u00e0 double paroi robustes et les lumi\u00e8res LED utilis\u00e9es pour faire fonctionner les interrupteurs et les boutons de contr\u00f4le. Le choix des mat\u00e9riaux (rev\u00eatement en c\u00e9ramique) sur les grilles est excellent et offre de grandes performances. Les \u00e9l\u00e9ments chauffants brevet\u00e9s et la facilit\u00e9 de nettoyage sont un atout majeur qui d\u00e9marquera ce produit dans un march\u00e9 tr\u00e8s comp\u00e9titif. \u00bb &#8211; Dr Brandon Gien, PDG, Good Design Australia.<\/i><\/p>\n\t\t\t\t\t\t\t<img loading=\"lazy\" decoding=\"async\" width=\"567\" height=\"255\" src=\"https:\/\/crossrayglobal.wpenginepowered.com\/wp-content\/uploads\/2020\/08\/GDA-Logo-Rev.png\" alt=\"GDA-Logo-Rev\" itemprop=\"image\" title=\"GDA-Logo-Rev\" onerror=\"this.style.display='none'\"  sizes=\"auto, (max-width: 760px) 100vw, 100vw\" srcset=\"https:\/\/crossraybbq.com\/wp-content\/uploads\/2020\/08\/GDA-Logo-Rev.png 567w, https:\/\/crossraybbq.com\/wp-content\/uploads\/2020\/08\/GDA-Logo-Rev-466x210.png 466w, https:\/\/crossraybbq.com\/wp-content\/uploads\/2020\/08\/GDA-Logo-Rev-300x135.png 300w, https:\/\/crossraybbq.com\/wp-content\/uploads\/2020\/08\/GDA-Logo-Rev-350x157.png 350w\" \/>\t\t\t\t\t\t\t\n\n<\/div><!-- .vgblk-rw-wrapper -->","protected":false},"excerpt":{"rendered":"<p>Faire d&rsquo;un r\u00eave une Preview text Le r\u00eave de cr\u00e9er l&rsquo;exp\u00e9rience ultime de cuisson en plein air est d\u00e9sormais une r\u00e9alit\u00e9 pour l&rsquo;\u00e9quipe de CROSSRAY BBQ. Apr\u00e8s 14 ans de recherche et de perfectionnement, ils ont pouss\u00e9 l&rsquo;innovation, le design et l&rsquo;efficacit\u00e9 vers de nouveaux sommets. La passion et la vision du designer Mark Stone&#8230;<\/p>\n","protected":false},"author":2,"featured_media":26497,"parent":0,"menu_order":0,"comment_status":"closed","ping_status":"closed","template":"","meta":{"_acf_changed":false,"footnotes":""},"class_list":["post-27329","page","type-page","status-publish","has-post-thumbnail","hentry"],"acf":[],"_links":{"self":[{"href":"https:\/\/crossraybbq.com\/fr\/wp-json\/wp\/v2\/pages\/27329","targetHints":{"allow":["GET"]}}],"collection":[{"href":"https:\/\/crossraybbq.com\/fr\/wp-json\/wp\/v2\/pages"}],"about":[{"href":"https:\/\/crossraybbq.com\/fr\/wp-json\/wp\/v2\/types\/page"}],"author":[{"embeddable":true,"href":"https:\/\/crossraybbq.com\/fr\/wp-json\/wp\/v2\/users\/2"}],"replies":[{"embeddable":true,"href":"https:\/\/crossraybbq.com\/fr\/wp-json\/wp\/v2\/comments?post=27329"}],"version-history":[{"count":0,"href":"https:\/\/crossraybbq.com\/fr\/wp-json\/wp\/v2\/pages\/27329\/revisions"}],"wp:featuredmedia":[{"embeddable":true,"href":"https:\/\/crossraybbq.com\/fr\/wp-json\/wp\/v2\/media\/26497"}],"wp:attachment":[{"href":"https:\/\/crossraybbq.com\/fr\/wp-json\/wp\/v2\/media?parent=27329"}],"curies":[{"name":"wp","href":"https:\/\/api.w.org\/{rel}","templated":true}]}}