{"id":27334,"date":"2021-10-28T09:38:56","date_gmt":"2021-10-28T16:38:56","guid":{"rendered":"https:\/\/crossraybbq.com\/gas-bbq-range\/"},"modified":"2024-11-08T02:26:57","modified_gmt":"2024-11-08T10:26:57","slug":"gas-bbq-range","status":"publish","type":"page","link":"https:\/\/crossraybbq.com\/fr\/gas-bbq-range\/","title":{"rendered":"Gamme de barbecue \u00e0 gaz"},"content":{"rendered":"<div class=\"vgblk-rw-wrapper limit-wrapper\">\n\n\t<h1>\n\t\t\t\tBarbecues \u00e0 gaz\n\t\t\t<\/h1>\n\t<h4>\n\t\t\t\tdot\u00e9 de la technologie infrarouge\n\t\t\t<\/h4>\n\t\t\t<a href=\"#fom-gas\" target=\"_self\" rel=\"noopener\">\n\t\t\t\t\t\t\tEn savoir plus\n\t\t\t\t\t<\/a>\n<h2>\n\t\tLe barbecue au gaz qui est plus intelligent par conception\n\t<\/h2>\n\t\t\t\t\t\t\t<img loading=\"lazy\" decoding=\"async\" width=\"120\" height=\"72\" src=\"https:\/\/crossrayglobal.wpenginepowered.com\/wp-content\/uploads\/2020\/07\/crossray-bbq-small.png\" alt=\"Crossray BBQ\" itemprop=\"image\" title=\"crossray-bbq-small\" onerror=\"this.style.display='none'\"  sizes=\"auto, \"\/>\t\t\t\t\t\t\t\n\t<p>Int\u00e9grant des br\u00fbleurs infrarouges inclin\u00e9s brevet\u00e9s, les barbecues \u00e0 gaz CROSSRAY prim\u00e9s sont disponibles en construction ou avec un chariot pour \u00eatre autonomes et enti\u00e8rement portables.<\/p>\n<h2>\n\tNos barbecues au gaz\n\t<\/h2>\n\t\t\t\t<a href=\"\/product\/crossray-4-burner-gas-bbq-with-trolley\/\" target=\"_self\" itemprop=\"url\" title=\"CROSSRAY Black Gas 4 Burner BBQ Trolley\" rel=\"noopener\">\n\t\t\t\t\t\t\t<img loading=\"lazy\" decoding=\"async\" width=\"1440\" height=\"900\" src=\"https:\/\/crossrayglobal.wpenginepowered.com\/wp-content\/uploads\/2024\/03\/CROSSRAY-Black-Gas-4-Burner-BBQ-Trolley.webp\" alt=\"CROSSRAY Black Gas 4 Burner BBQ Trolley\" itemprop=\"image\" data-link-type=\"url\" title=\"CROSSRAY-Black-Gas-4-Burner-BBQ-Trolley\" onerror=\"this.style.display='none'\"  sizes=\"auto, (max-width: 760px) 100vw, 100vw\" srcset=\"https:\/\/crossraybbq.com\/wp-content\/uploads\/2024\/03\/CROSSRAY-Black-Gas-4-Burner-BBQ-Trolley.webp 1440w, https:\/\/crossraybbq.com\/wp-content\/uploads\/2024\/03\/CROSSRAY-Black-Gas-4-Burner-BBQ-Trolley-300x188.webp 300w, https:\/\/crossraybbq.com\/wp-content\/uploads\/2024\/03\/CROSSRAY-Black-Gas-4-Burner-BBQ-Trolley-1024x640.webp 1024w, https:\/\/crossraybbq.com\/wp-content\/uploads\/2024\/03\/CROSSRAY-Black-Gas-4-Burner-BBQ-Trolley-768x480.webp 768w, https:\/\/crossraybbq.com\/wp-content\/uploads\/2024\/03\/CROSSRAY-Black-Gas-4-Burner-BBQ-Trolley-1400x875.webp 1400w, https:\/\/crossraybbq.com\/wp-content\/uploads\/2024\/03\/CROSSRAY-Black-Gas-4-Burner-BBQ-Trolley-700x438.webp 700w, https:\/\/crossraybbq.com\/wp-content\/uploads\/2024\/03\/CROSSRAY-Black-Gas-4-Burner-BBQ-Trolley-466x291.webp 466w, https:\/\/crossraybbq.com\/wp-content\/uploads\/2024\/03\/CROSSRAY-Black-Gas-4-Burner-BBQ-Trolley-933x583.webp 933w, https:\/\/crossraybbq.com\/wp-content\/uploads\/2024\/03\/CROSSRAY-Black-Gas-4-Burner-BBQ-Trolley-350x219.webp 350w\" \/>\t\t\t\t\t\t<\/a>\n<h3>\n\t\t<a href=\"\/product\/crossray-4-burner-gas-bbq-with-trolley\/\" title=\"Barbecue au gaz autoportant \u00e0 4 br\u00fbleurs\" target=\"_self\" rel=\"noopener\">\n\t\tBarbecue au gaz autoportant \u00e0 4 br\u00fbleurs\n\t\t<\/a>\n\t<\/h3>\n\t<p>TCS4PL<\/p>\n\t\t\t<a href=\"\/product\/crossray-4-burner-gas-bbq-with-trolley\/\" target=\"_self\" rel=\"noopener\">\n\t\t\t\t\t\t\tEn savoir plus\n\t\t\t\t\t<\/a>\n\t\t\t\t<a href=\"\/product\/crossray-4-burner-gas-bbq-inbuilt\/\" target=\"_self\" itemprop=\"url\" title=\"in-built black\" rel=\"noopener\">\n\t\t\t\t\t\t\t<img loading=\"lazy\" decoding=\"async\" width=\"1400\" height=\"900\" src=\"https:\/\/crossrayglobal.wpenginepowered.com\/wp-content\/uploads\/2024\/02\/in-built-black.webp\" alt=\"in-built black\" itemprop=\"image\" data-link-type=\"url\" title=\"in-built black\" onerror=\"this.style.display='none'\"  sizes=\"auto, (max-width: 760px) 100vw, 100vw\" srcset=\"https:\/\/crossraybbq.com\/wp-content\/uploads\/2024\/02\/in-built-black.webp 1400w, https:\/\/crossraybbq.com\/wp-content\/uploads\/2024\/02\/in-built-black-300x193.webp 300w, https:\/\/crossraybbq.com\/wp-content\/uploads\/2024\/02\/in-built-black-1024x658.webp 1024w, https:\/\/crossraybbq.com\/wp-content\/uploads\/2024\/02\/in-built-black-768x494.webp 768w, https:\/\/crossraybbq.com\/wp-content\/uploads\/2024\/02\/in-built-black-700x450.webp 700w, https:\/\/crossraybbq.com\/wp-content\/uploads\/2024\/02\/in-built-black-466x300.webp 466w, https:\/\/crossraybbq.com\/wp-content\/uploads\/2024\/02\/in-built-black-933x600.webp 933w, https:\/\/crossraybbq.com\/wp-content\/uploads\/2024\/02\/in-built-black-350x225.webp 350w\" \/>\t\t\t\t\t\t<\/a>\n<h3>\n\t\t<a href=\"\/product\/crossray-4-burner-gas-bbq-inbuilt\/\" title=\"Barbecue au gaz int\u00e9gr\u00e9 \u00e0 4 br\u00fbleurs\" target=\"_self\" rel=\"noopener\">\n\t\tBarbecue au gaz int\u00e9gr\u00e9 \u00e0 4 br\u00fbleurs\n\t\t<\/a>\n\t<\/h3>\n\t<p>TCX4FNB-US<\/p>\n\t\t\t<a href=\"\/product\/crossray-4-burner-gas-bbq-inbuilt\/\" target=\"_self\" rel=\"noopener\">\n\t\t\t\t\t\t\tEn savoir plus\n\t\t\t\t\t<\/a>\n<h2>\n\tRegardez nos vid\u00e9os ici\n\t<\/h2>\n\t<iframe title=\"Crossray Infrared Gas BBQ\" width=\"1400\" height=\"788\" src=\"https:\/\/www.youtube.com\/embed\/Bv3d81ane0s?feature=oembed\" frameborder=\"0\" allow=\"accelerometer; autoplay; clipboard-write; encrypted-media; gyroscope; picture-in-picture; web-share\" referrerpolicy=\"strict-origin-when-cross-origin\" allowfullscreen><\/iframe>\n\t<iframe title=\"Patened, Proven Infrared Technology\" width=\"1400\" height=\"788\" src=\"https:\/\/www.youtube.com\/embed\/hUjGLg1JjnQ?feature=oembed\" frameborder=\"0\" allow=\"accelerometer; autoplay; clipboard-write; encrypted-media; gyroscope; picture-in-picture; web-share\" referrerpolicy=\"strict-origin-when-cross-origin\" allowfullscreen><\/iframe>\n\t<iframe title=\"Heats Up Quick smart\" width=\"1400\" height=\"788\" src=\"https:\/\/www.youtube.com\/embed\/2QKOYDkyAy4?feature=oembed\" frameborder=\"0\" allow=\"accelerometer; autoplay; clipboard-write; encrypted-media; gyroscope; picture-in-picture; web-share\" referrerpolicy=\"strict-origin-when-cross-origin\" allowfullscreen><\/iframe>\n\t<iframe title=\"CROSSRAY BBQ   you can do it all\" width=\"1400\" height=\"788\" src=\"https:\/\/www.youtube.com\/embed\/yl3boLCR9Q4?feature=oembed\" frameborder=\"0\" allow=\"accelerometer; autoplay; clipboard-write; encrypted-media; gyroscope; picture-in-picture; web-share\" referrerpolicy=\"strict-origin-when-cross-origin\" allowfullscreen><\/iframe>\n\t<iframe title=\"David &#039;OX&#039; Schwarz, Road tests the CROSSRAY BBQ by Heatstip\" width=\"1400\" height=\"788\" src=\"https:\/\/www.youtube.com\/embed\/WhqOORwl1QU?feature=oembed\" frameborder=\"0\" allow=\"accelerometer; autoplay; clipboard-write; encrypted-media; gyroscope; picture-in-picture; web-share\" referrerpolicy=\"strict-origin-when-cross-origin\" allowfullscreen><\/iframe>\n\t\t\t\t\t\t\t<img loading=\"lazy\" decoding=\"async\" width=\"600\" height=\"524\" src=\"https:\/\/crossrayglobal.wpenginepowered.com\/wp-content\/uploads\/2020\/07\/Chicken-BBQ-Crossray.jpg\" alt=\"gas bbq\" itemprop=\"image\" title=\"Chicken-BBQ-Crossray\" onerror=\"this.style.display='none'\"  sizes=\"auto, (max-width: 760px) 100vw, 100vw\" srcset=\"https:\/\/crossraybbq.com\/wp-content\/uploads\/2020\/07\/Chicken-BBQ-Crossray.jpg 600w, https:\/\/crossraybbq.com\/wp-content\/uploads\/2020\/07\/Chicken-BBQ-Crossray-466x407.jpg 466w, https:\/\/crossraybbq.com\/wp-content\/uploads\/2020\/07\/Chicken-BBQ-Crossray-300x262.jpg 300w, https:\/\/crossraybbq.com\/wp-content\/uploads\/2020\/07\/Chicken-BBQ-Crossray-350x306.jpg 350w\" \/>\t\t\t\t\t\t\t\n<h2>\n\tL&rsquo;intensit\u00e9 du charbon de bois avec la commodit\u00e9 du gaz \n\t<\/h2>\n\t<p>Faisant correspondre la commodit\u00e9 et le contr\u00f4le du gaz \u00e0 la haute qualit\u00e9 et \u00e0 l&rsquo;intensit\u00e9 du charbon de bois, la gamme de barbecue infrarouge Crossray offre une approche plus moderne de la cuisine traditionnelle en plein air.<\/p>\n<p> Nos grilles de barbecue infrarouge sont un moyen plus intelligent de griller, offrant une exp\u00e9rience de cuisson polyvalente in\u00e9gal\u00e9e par les m\u00e9thodes de barbecue traditionnelles. Avec un chauffage rapide et uniforme, un gril autonettoyant et plusieurs fa\u00e7ons diff\u00e9rentes de cuisiner vos repas pr\u00e9f\u00e9r\u00e9s, Crossray offre plus qu&rsquo;une d\u00e9licieuse cuisson au barbecue infrarouge. <\/p>\n\n<\/div><!-- .vgblk-rw-wrapper -->","protected":false},"excerpt":{"rendered":"<p>Barbecues \u00e0 gaz dot\u00e9 de la technologie infrarouge En savoir plus Le barbecue au gaz qui est plus intelligent par conception Int\u00e9grant des br\u00fbleurs infrarouges inclin\u00e9s brevet\u00e9s, les barbecues \u00e0 gaz CROSSRAY prim\u00e9s sont disponibles en construction ou avec un chariot pour \u00eatre autonomes et enti\u00e8rement portables. Nos barbecues au gaz Barbecue au gaz autoportant&#8230;<\/p>\n","protected":false},"author":2,"featured_media":26497,"parent":0,"menu_order":0,"comment_status":"closed","ping_status":"closed","template":"","meta":{"_acf_changed":false,"footnotes":""},"class_list":["post-27334","page","type-page","status-publish","has-post-thumbnail","hentry"],"acf":[],"_links":{"self":[{"href":"https:\/\/crossraybbq.com\/fr\/wp-json\/wp\/v2\/pages\/27334","targetHints":{"allow":["GET"]}}],"collection":[{"href":"https:\/\/crossraybbq.com\/fr\/wp-json\/wp\/v2\/pages"}],"about":[{"href":"https:\/\/crossraybbq.com\/fr\/wp-json\/wp\/v2\/types\/page"}],"author":[{"embeddable":true,"href":"https:\/\/crossraybbq.com\/fr\/wp-json\/wp\/v2\/users\/2"}],"replies":[{"embeddable":true,"href":"https:\/\/crossraybbq.com\/fr\/wp-json\/wp\/v2\/comments?post=27334"}],"version-history":[{"count":0,"href":"https:\/\/crossraybbq.com\/fr\/wp-json\/wp\/v2\/pages\/27334\/revisions"}],"wp:featuredmedia":[{"embeddable":true,"href":"https:\/\/crossraybbq.com\/fr\/wp-json\/wp\/v2\/media\/26497"}],"wp:attachment":[{"href":"https:\/\/crossraybbq.com\/fr\/wp-json\/wp\/v2\/media?parent=27334"}],"curies":[{"name":"wp","href":"https:\/\/api.w.org\/{rel}","templated":true}]}}