{"id":27291,"date":"2024-02-04T15:01:26","date_gmt":"2024-02-04T23:01:26","guid":{"rendered":"https:\/\/crossraybbq.com\/product\/extreme-portable-electric-bbq\/"},"modified":"2025-06-19T19:25:07","modified_gmt":"2025-06-20T02:25:07","slug":"extreme-portable-electric-bbq","status":"publish","type":"product","link":"https:\/\/crossraybbq.com\/fr\/produit\/extreme-portable-electric-bbq\/","title":{"rendered":"Barbecue \u00e9lectrique portable eXtreme"},"content":{"rendered":"<div class=\"vgblk-rw-wrapper limit-wrapper\">\n\n\t\t\t\t\t\t\t<img decoding=\"async\" width=\"1440\" height=\"900\" src=\"https:\/\/crossrayglobal.wpenginepowered.com\/wp-content\/uploads\/2023\/12\/Electric-BBQ-chickens.webp\" alt=\"Electric BBQ roast\" itemprop=\"image\" title=\"Electric-BBQ-chickens\" onerror=\"this.style.display='none'\"  sizes=\"\" srcset=\"https:\/\/crossraybbq.com\/wp-content\/uploads\/2023\/12\/Electric-BBQ-chickens.webp 1440w, https:\/\/crossraybbq.com\/wp-content\/uploads\/2023\/12\/Electric-BBQ-chickens-300x188.webp 300w, https:\/\/crossraybbq.com\/wp-content\/uploads\/2023\/12\/Electric-BBQ-chickens-1024x640.webp 1024w, https:\/\/crossraybbq.com\/wp-content\/uploads\/2023\/12\/Electric-BBQ-chickens-768x480.webp 768w, https:\/\/crossraybbq.com\/wp-content\/uploads\/2023\/12\/Electric-BBQ-chickens-1400x875.webp 1400w, https:\/\/crossraybbq.com\/wp-content\/uploads\/2023\/12\/Electric-BBQ-chickens-700x438.webp 700w, https:\/\/crossraybbq.com\/wp-content\/uploads\/2023\/12\/Electric-BBQ-chickens-466x291.webp 466w, https:\/\/crossraybbq.com\/wp-content\/uploads\/2023\/12\/Electric-BBQ-chickens-933x583.webp 933w, https:\/\/crossraybbq.com\/wp-content\/uploads\/2023\/12\/Electric-BBQ-chickens-350x219.webp 350w\" \/>\t\t\t\t\t\t\t\n\t<h4>Conception de capot haut, comprend un rack chauffant<\/h4>\n\t\t\t\t\t\t\t<img decoding=\"async\" width=\"1400\" height=\"900\" src=\"https:\/\/crossrayglobal.wpenginepowered.com\/wp-content\/uploads\/2024\/02\/Electric-BBQ-Temperature-US.webp\" alt=\"Electric-BBQ-Temperature\" itemprop=\"image\" title=\"Electric-BBQ-Temperature-US\" onerror=\"this.style.display='none'\"  sizes=\"(max-width: 760px) 100vw, 100vw\" srcset=\"https:\/\/crossraybbq.com\/wp-content\/uploads\/2024\/02\/Electric-BBQ-Temperature-US.webp 1400w, https:\/\/crossraybbq.com\/wp-content\/uploads\/2024\/02\/Electric-BBQ-Temperature-US-300x193.webp 300w, https:\/\/crossraybbq.com\/wp-content\/uploads\/2024\/02\/Electric-BBQ-Temperature-US-1024x658.webp 1024w, https:\/\/crossraybbq.com\/wp-content\/uploads\/2024\/02\/Electric-BBQ-Temperature-US-768x494.webp 768w, https:\/\/crossraybbq.com\/wp-content\/uploads\/2024\/02\/Electric-BBQ-Temperature-US-700x450.webp 700w, https:\/\/crossraybbq.com\/wp-content\/uploads\/2024\/02\/Electric-BBQ-Temperature-US-466x300.webp 466w, https:\/\/crossraybbq.com\/wp-content\/uploads\/2024\/02\/Electric-BBQ-Temperature-US-933x600.webp 933w, https:\/\/crossraybbq.com\/wp-content\/uploads\/2024\/02\/Electric-BBQ-Temperature-US-350x225.webp 350w\" \/>\t\t\t\t\t\t\t\n\t<h4>Affichage num\u00e9rique et programmable<\/h4>\n\t\t\t\t\t\t\t<img decoding=\"async\" width=\"1440\" height=\"900\" src=\"https:\/\/crossrayglobal.wpenginepowered.com\/wp-content\/uploads\/2023\/12\/Electric-BBQ-element-closeup-US.webp\" alt=\"Electric BBQ element\" itemprop=\"image\" title=\"Electric-BBQ-element-closeup-US\" onerror=\"this.style.display='none'\"  sizes=\"(max-width: 760px) 100vw, 100vw\" srcset=\"https:\/\/crossraybbq.com\/wp-content\/uploads\/2023\/12\/Electric-BBQ-element-closeup-US.webp 1440w, https:\/\/crossraybbq.com\/wp-content\/uploads\/2023\/12\/Electric-BBQ-element-closeup-US-300x188.webp 300w, https:\/\/crossraybbq.com\/wp-content\/uploads\/2023\/12\/Electric-BBQ-element-closeup-US-1024x640.webp 1024w, https:\/\/crossraybbq.com\/wp-content\/uploads\/2023\/12\/Electric-BBQ-element-closeup-US-768x480.webp 768w, https:\/\/crossraybbq.com\/wp-content\/uploads\/2023\/12\/Electric-BBQ-element-closeup-US-1400x875.webp 1400w, https:\/\/crossraybbq.com\/wp-content\/uploads\/2023\/12\/Electric-BBQ-element-closeup-US-700x438.webp 700w, https:\/\/crossraybbq.com\/wp-content\/uploads\/2023\/12\/Electric-BBQ-element-closeup-US-466x291.webp 466w, https:\/\/crossraybbq.com\/wp-content\/uploads\/2023\/12\/Electric-BBQ-element-closeup-US-933x583.webp 933w, https:\/\/crossraybbq.com\/wp-content\/uploads\/2023\/12\/Electric-BBQ-element-closeup-US-350x219.webp 350w\" \/>\t\t\t\t\t\t\t\n\t<h4>2 \u00e9l\u00e9ments infrarouges en fibre de carbone de 1100 W<\/h4>\n\t\t\t\t\t\t\t<img decoding=\"async\" width=\"1440\" height=\"900\" src=\"https:\/\/crossrayglobal.wpenginepowered.com\/wp-content\/uploads\/2023\/08\/eXtreme-probe.webp\" alt=\"Electric BBQ with meat probe\" itemprop=\"image\" title=\"eXtreme-probe\" onerror=\"this.style.display='none'\"  sizes=\"(max-width: 760px) 100vw, 100vw\" srcset=\"https:\/\/crossraybbq.com\/wp-content\/uploads\/2023\/08\/eXtreme-probe.webp 1440w, https:\/\/crossraybbq.com\/wp-content\/uploads\/2023\/08\/eXtreme-probe-300x188.webp 300w, https:\/\/crossraybbq.com\/wp-content\/uploads\/2023\/08\/eXtreme-probe-1024x640.webp 1024w, https:\/\/crossraybbq.com\/wp-content\/uploads\/2023\/08\/eXtreme-probe-768x480.webp 768w, https:\/\/crossraybbq.com\/wp-content\/uploads\/2023\/08\/eXtreme-probe-1400x875.webp 1400w, https:\/\/crossraybbq.com\/wp-content\/uploads\/2023\/08\/eXtreme-probe-700x438.webp 700w, https:\/\/crossraybbq.com\/wp-content\/uploads\/2023\/08\/eXtreme-probe-466x291.webp 466w, https:\/\/crossraybbq.com\/wp-content\/uploads\/2023\/08\/eXtreme-probe-933x583.webp 933w, https:\/\/crossraybbq.com\/wp-content\/uploads\/2023\/08\/eXtreme-probe-350x219.webp 350w\" \/>\t\t\t\t\t\t\t\n\t<h4>La sonde \u00e0 viande est incluse pour r\u00e9gler la temp\u00e9rature de cuisson pr\u00e9f\u00e9r\u00e9e, pour une cuisson parfaite<\/h4>\n\t<p>Tous les barbecues CROSSRAY sont livr\u00e9s avec des plaques de gril par d\u00e9faut<\/p>\n<h3>\n\t\tCaract\u00e9ristiques\n\t<\/h3>\n\t<h5>Dimensions et espace de cuisson<\/h5>\n\n\tL24 x W17 x H18 po, L613 x W435 x H457 mm<br \/>\nSurface de cuisson : 430 en<sup>2<\/sup>, 2772 cm<sup>2<\/sup><br \/>\nPoids 50 lb, 22,8 kgs\n\t<h5>Mat\u00e9riaux<\/h5>\n\n\t<ul>\n<li>BTU : Mat\u00e9riau du br\u00fbleur principal : 1100W X 22200W, br\u00fbleur \u00e0 tube en fibre de carbone x 2<\/li>\n<li>Couvercle du barbecue : acier SPCC (ext\u00e9rieur T = 0,8 mm) Acier noir; Int\u00e9rieur : aluminium<\/li>\n<li>Poign\u00e9e du couvercle : acier inoxydable 304 bross\u00e9. Support de la poign\u00e9e : alliage d&rsquo;aluminium poli <\/li>\n<li>Cuve du barbecue : acier inoxydable 430<\/li>\n<li>Bac de vidange : acier inoxydable 430<\/li>\n<li>Gril et plaque chauffante : acier \u00e9maill\u00e9 en porcelaine<\/li>\n<\/ul>\n\t<h5>Sp\u00e9cifications<\/h5>\n\n\tPuissance totale de 2200 W (2 x 1100 W)<br \/>\nFourni avec fiche 3 broches pour GPO 10A standard (240 V)<br \/>\n\u00c9cran de contr\u00f4le num\u00e9rique<br \/>\nSonde de temp\u00e9rature de la viande et sonde de temp\u00e9rature de la chambre\n\t<h5>T\u00e9l\u00e9chargements<\/h5>\n\n\t<a href=\"\/wp-content\/uploads\/2024\/04\/Crossray-Extreme-Electric-BBQ-Cookbook-web.pdf\" target=\"_blank\" rel=\"noopener\">Livre de recettes pour le barbecue \u00e9lectrique eXtreme<\/a><br \/>\n<a href=\"https:\/\/crossraybbq.com\/wp-content\/uploads\/2024\/11\/OM-E-crossray-P80196024A-USA-Rev.-30.Jan_.2025.pdf\" target=\"_blank\" rel=\"noopener\">Guide de l&rsquo;utilisateur pour le barbecue \u00e9lectrique eXtreme<\/a><br \/>\n<a href=\"\/wp-content\/uploads\/2024\/02\/Crossray-2024-Extreme-Brochure-March2024.pdf\" target=\"_blank\" rel=\"noopener\">Brochure du barbecue \u00e9lectrique eXtreme<\/a>\n\t\t\t\t\t\t\t<img decoding=\"async\" width=\"1440\" height=\"900\" src=\"https:\/\/crossrayglobal.wpenginepowered.com\/wp-content\/uploads\/2024\/02\/eXtreme-portable-electric-BBQ-dimensions.webp\" alt=\"eXtreme portable electric BBQ\" itemprop=\"image\" title=\"eXtreme portable electric BBQ dimensions\" onerror=\"this.style.display='none'\"  sizes=\"(max-width: 760px) 100vw, 100vw\" srcset=\"https:\/\/crossraybbq.com\/wp-content\/uploads\/2024\/02\/eXtreme-portable-electric-BBQ-dimensions.webp 1440w, https:\/\/crossraybbq.com\/wp-content\/uploads\/2024\/02\/eXtreme-portable-electric-BBQ-dimensions-300x188.webp 300w, https:\/\/crossraybbq.com\/wp-content\/uploads\/2024\/02\/eXtreme-portable-electric-BBQ-dimensions-1024x640.webp 1024w, https:\/\/crossraybbq.com\/wp-content\/uploads\/2024\/02\/eXtreme-portable-electric-BBQ-dimensions-768x480.webp 768w, https:\/\/crossraybbq.com\/wp-content\/uploads\/2024\/02\/eXtreme-portable-electric-BBQ-dimensions-1400x875.webp 1400w, https:\/\/crossraybbq.com\/wp-content\/uploads\/2024\/02\/eXtreme-portable-electric-BBQ-dimensions-700x438.webp 700w, https:\/\/crossraybbq.com\/wp-content\/uploads\/2024\/02\/eXtreme-portable-electric-BBQ-dimensions-466x291.webp 466w, https:\/\/crossraybbq.com\/wp-content\/uploads\/2024\/02\/eXtreme-portable-electric-BBQ-dimensions-933x583.webp 933w, https:\/\/crossraybbq.com\/wp-content\/uploads\/2024\/02\/eXtreme-portable-electric-BBQ-dimensions-350x219.webp 350w\" \/>\t\t\t\t\t\t\t\n\t\t\t\t\t\t\t<img decoding=\"async\" width=\"388\" height=\"76\" src=\"https:\/\/crossrayglobal.wpenginepowered.com\/wp-content\/uploads\/2020\/07\/Crossray-Logo.png\" alt=\"Crossray logo\" itemprop=\"image\" title=\"Crossray-Logo\" onerror=\"this.style.display='none'\"  sizes=\"300\" srcset=\"https:\/\/crossraybbq.com\/wp-content\/uploads\/2020\/07\/Crossray-Logo.png 388w, https:\/\/crossraybbq.com\/wp-content\/uploads\/2020\/07\/Crossray-Logo-300x59.png 300w, https:\/\/crossraybbq.com\/wp-content\/uploads\/2020\/07\/Crossray-Logo-350x69.png 350w\" \/>\t\t\t\t\t\t\t\n<h3>\n\t\tAccessoires\n\t<\/h3>\n\n<\/div><!-- .vgblk-rw-wrapper -->","protected":false},"excerpt":{"rendered":"<p>Voici le NOUVEAU barbecue \u00e9lectrique EXTREME, un changeur de jeu culinaire qui allie innovation, polyvalence et style.<\/p>\n<p>B\u00e9n\u00e9ficiant d\u2019une technologie d\u2019\u00e9l\u00e9ments \u00e9lectriques infrarouges de haute intensit\u00e9 in\u00e9gal\u00e9e, ce gril offre une exp\u00e9rience de cuisson br\u00fblante qui surpasse les barbecues au gaz. <\/p>\n<p>Avec le barbecue \u00e9lectrique CROSSRAY, adoptez un mode de vie durable sans compromettre le go\u00fbt ou la performance<\/p>\n<p><strong>Caract\u00e9ristiques<\/strong><\/p>\n<ul>\n<li>Capacit\u00e9 de 2200 W. 2 \u00e9l\u00e9ments infrarouges en fibre de carbone de 1100 W offrent des performances \u00e9lev\u00e9es instantan\u00e9es. <\/li>\n<li>Performance de cuisson de 570 \u00b0 F + (300 \u00b0 C +) \u00e9quivalent ou sup\u00e9rieur \u00e0 tous les barbecues au gaz standard sur le march\u00e9.<\/li>\n<li>Affichage num\u00e9rique programmable inclus. Lecture de la temp\u00e9rature, modulation de la temp\u00e9rature et de l\u2019\u00e9l\u00e9ment. <\/li>\n<li>Nouveau design de capuchon haut m\u00eame pour les plus grosses viandes. Comprend \u00e9galement une grille chauffante <\/li>\n<li>La sonde \u00e0 viande est incluse pour r\u00e9gler la temp\u00e9rature de cuisson pr\u00e9f\u00e9r\u00e9e, pour une cuisson parfaite.<\/li>\n<li>Parfait pour tous les types de cuisson \u2013 griller, r\u00f4tir de grandes viandes, faible &amp; lent.<\/li>\n<li>Construction enti\u00e8rement noire \u2013 id\u00e9alement assortie \u00e0 un d\u00e9cor moderne.<\/li>\n<li>Enti\u00e8rement portable, plateau de table en standard, \u00e9galement disponible en version chariot et cuisine ext\u00e9rieure.<\/li>\n<\/ul>\n<p>&nbsp;<\/p>\n","protected":false},"featured_media":27101,"template":"","meta":{"_acf_changed":false},"product_brand":[],"product_cat":[167,166],"product_tag":[169],"class_list":{"0":"post-27291","1":"product","2":"type-product","3":"status-publish","4":"has-post-thumbnail","6":"product_cat-electrique","7":"product_cat-tout","8":"product_tag-barbecues","9":"product_shipping_class-grande-palette","11":"first","12":"instock","13":"shipping-taxable","14":"product-type-simple"},"acf":[],"_links":{"self":[{"href":"https:\/\/crossraybbq.com\/fr\/wp-json\/wp\/v2\/product\/27291","targetHints":{"allow":["GET"]}}],"collection":[{"href":"https:\/\/crossraybbq.com\/fr\/wp-json\/wp\/v2\/product"}],"about":[{"href":"https:\/\/crossraybbq.com\/fr\/wp-json\/wp\/v2\/types\/product"}],"wp:featuredmedia":[{"embeddable":true,"href":"https:\/\/crossraybbq.com\/fr\/wp-json\/wp\/v2\/media\/27101"}],"wp:attachment":[{"href":"https:\/\/crossraybbq.com\/fr\/wp-json\/wp\/v2\/media?parent=27291"}],"wp:term":[{"taxonomy":"product_brand","embeddable":true,"href":"https:\/\/crossraybbq.com\/fr\/wp-json\/wp\/v2\/product_brand?post=27291"},{"taxonomy":"product_cat","embeddable":true,"href":"https:\/\/crossraybbq.com\/fr\/wp-json\/wp\/v2\/product_cat?post=27291"},{"taxonomy":"product_tag","embeddable":true,"href":"https:\/\/crossraybbq.com\/fr\/wp-json\/wp\/v2\/product_tag?post=27291"}],"curies":[{"name":"wp","href":"https:\/\/api.w.org\/{rel}","templated":true}]}}