{"id":27321,"date":"2024-02-04T16:27:19","date_gmt":"2024-02-05T00:27:19","guid":{"rendered":"https:\/\/crossraybbq.com\/product\/extreme-electric-bbq-with-trolley\/"},"modified":"2025-06-19T19:27:20","modified_gmt":"2025-06-20T02:27:20","slug":"extreme-electric-bbq-with-trolley","status":"publish","type":"product","link":"https:\/\/crossraybbq.com\/fr\/produit\/extreme-electric-bbq-with-trolley\/","title":{"rendered":"Barbecue \u00e9lectrique eXtreme avec chariot"},"content":{"rendered":"<div class=\"vgblk-rw-wrapper limit-wrapper\">\n\n\t\t\t\t\t\t\t<img loading=\"lazy\" decoding=\"async\" width=\"1440\" height=\"900\" src=\"https:\/\/crossrayglobal.wpenginepowered.com\/wp-content\/uploads\/2019\/09\/Electric-BBQ-Trolley-Angle-white.webp\" alt=\"Electric BBQ Trolley\" itemprop=\"image\" title=\"Electric BBQ Trolley Angle white\" onerror=\"this.style.display='none'\"  sizes=\"auto, \" srcset=\"https:\/\/crossraybbq.com\/wp-content\/uploads\/2019\/09\/Electric-BBQ-Trolley-Angle-white.webp 1440w, https:\/\/crossraybbq.com\/wp-content\/uploads\/2019\/09\/Electric-BBQ-Trolley-Angle-white-300x188.webp 300w, https:\/\/crossraybbq.com\/wp-content\/uploads\/2019\/09\/Electric-BBQ-Trolley-Angle-white-1024x640.webp 1024w, https:\/\/crossraybbq.com\/wp-content\/uploads\/2019\/09\/Electric-BBQ-Trolley-Angle-white-768x480.webp 768w, https:\/\/crossraybbq.com\/wp-content\/uploads\/2019\/09\/Electric-BBQ-Trolley-Angle-white-1400x875.webp 1400w, https:\/\/crossraybbq.com\/wp-content\/uploads\/2019\/09\/Electric-BBQ-Trolley-Angle-white-700x438.webp 700w, https:\/\/crossraybbq.com\/wp-content\/uploads\/2019\/09\/Electric-BBQ-Trolley-Angle-white-466x291.webp 466w, https:\/\/crossraybbq.com\/wp-content\/uploads\/2019\/09\/Electric-BBQ-Trolley-Angle-white-933x583.webp 933w, https:\/\/crossraybbq.com\/wp-content\/uploads\/2019\/09\/Electric-BBQ-Trolley-Angle-white-350x219.webp 350w\" \/>\t\t\t\t\t\t\t\n\t<h4>Chariot avec \u00e9tag\u00e8res lat\u00e9rales pliables et rangement suppl\u00e9mentaire sous le banc<\/h4>\n\t\t\t\t\t\t\t<img loading=\"lazy\" decoding=\"async\" width=\"1400\" height=\"900\" src=\"https:\/\/crossrayglobal.wpenginepowered.com\/wp-content\/uploads\/2023\/12\/Electric-BBQ-Temperature-US.webp\" alt=\"Electric BBQ Temperature\" itemprop=\"image\" title=\"Electric-BBQ-Temperature-US\" onerror=\"this.style.display='none'\"  sizes=\"auto, (max-width: 760px) 100vw, 100vw\" srcset=\"https:\/\/crossraybbq.com\/wp-content\/uploads\/2023\/12\/Electric-BBQ-Temperature-US.webp 1400w, https:\/\/crossraybbq.com\/wp-content\/uploads\/2023\/12\/Electric-BBQ-Temperature-US-300x193.webp 300w, https:\/\/crossraybbq.com\/wp-content\/uploads\/2023\/12\/Electric-BBQ-Temperature-US-1024x658.webp 1024w, https:\/\/crossraybbq.com\/wp-content\/uploads\/2023\/12\/Electric-BBQ-Temperature-US-768x494.webp 768w, https:\/\/crossraybbq.com\/wp-content\/uploads\/2023\/12\/Electric-BBQ-Temperature-US-700x450.webp 700w, https:\/\/crossraybbq.com\/wp-content\/uploads\/2023\/12\/Electric-BBQ-Temperature-US-466x300.webp 466w, https:\/\/crossraybbq.com\/wp-content\/uploads\/2023\/12\/Electric-BBQ-Temperature-US-933x600.webp 933w, https:\/\/crossraybbq.com\/wp-content\/uploads\/2023\/12\/Electric-BBQ-Temperature-US-350x225.webp 350w\" \/>\t\t\t\t\t\t\t\n\t<h4>Affichage num\u00e9rique et programmable<\/h4>\n\t\t\t\t\t\t\t<img loading=\"lazy\" decoding=\"async\" width=\"1440\" height=\"900\" src=\"https:\/\/crossrayglobal.wpenginepowered.com\/wp-content\/uploads\/2023\/12\/Electric-BBQ-element-closeup-US.webp\" alt=\"Electric BBQ element\" itemprop=\"image\" title=\"Electric-BBQ-element-closeup-US\" onerror=\"this.style.display='none'\"  sizes=\"auto, (max-width: 760px) 100vw, 100vw\" srcset=\"https:\/\/crossraybbq.com\/wp-content\/uploads\/2023\/12\/Electric-BBQ-element-closeup-US.webp 1440w, https:\/\/crossraybbq.com\/wp-content\/uploads\/2023\/12\/Electric-BBQ-element-closeup-US-300x188.webp 300w, https:\/\/crossraybbq.com\/wp-content\/uploads\/2023\/12\/Electric-BBQ-element-closeup-US-1024x640.webp 1024w, https:\/\/crossraybbq.com\/wp-content\/uploads\/2023\/12\/Electric-BBQ-element-closeup-US-768x480.webp 768w, https:\/\/crossraybbq.com\/wp-content\/uploads\/2023\/12\/Electric-BBQ-element-closeup-US-1400x875.webp 1400w, https:\/\/crossraybbq.com\/wp-content\/uploads\/2023\/12\/Electric-BBQ-element-closeup-US-700x438.webp 700w, https:\/\/crossraybbq.com\/wp-content\/uploads\/2023\/12\/Electric-BBQ-element-closeup-US-466x291.webp 466w, https:\/\/crossraybbq.com\/wp-content\/uploads\/2023\/12\/Electric-BBQ-element-closeup-US-933x583.webp 933w, https:\/\/crossraybbq.com\/wp-content\/uploads\/2023\/12\/Electric-BBQ-element-closeup-US-350x219.webp 350w\" \/>\t\t\t\t\t\t\t\n\t<h4>2\u00a0\u00e9l\u00e9ments infrarouges en fibre de carbone de 1100\u00a0W<\/h4>\n\t\t\t\t\t\t\t<img loading=\"lazy\" decoding=\"async\" width=\"1440\" height=\"900\" src=\"https:\/\/crossrayglobal.wpenginepowered.com\/wp-content\/uploads\/2023\/08\/eXtreme-probe.webp\" alt=\"Electric BBQ with meat probe\" itemprop=\"image\" title=\"eXtreme-probe\" onerror=\"this.style.display='none'\"  sizes=\"auto, (max-width: 760px) 100vw, 100vw\" srcset=\"https:\/\/crossraybbq.com\/wp-content\/uploads\/2023\/08\/eXtreme-probe.webp 1440w, https:\/\/crossraybbq.com\/wp-content\/uploads\/2023\/08\/eXtreme-probe-300x188.webp 300w, https:\/\/crossraybbq.com\/wp-content\/uploads\/2023\/08\/eXtreme-probe-1024x640.webp 1024w, https:\/\/crossraybbq.com\/wp-content\/uploads\/2023\/08\/eXtreme-probe-768x480.webp 768w, https:\/\/crossraybbq.com\/wp-content\/uploads\/2023\/08\/eXtreme-probe-1400x875.webp 1400w, https:\/\/crossraybbq.com\/wp-content\/uploads\/2023\/08\/eXtreme-probe-700x438.webp 700w, https:\/\/crossraybbq.com\/wp-content\/uploads\/2023\/08\/eXtreme-probe-466x291.webp 466w, https:\/\/crossraybbq.com\/wp-content\/uploads\/2023\/08\/eXtreme-probe-933x583.webp 933w, https:\/\/crossraybbq.com\/wp-content\/uploads\/2023\/08\/eXtreme-probe-350x219.webp 350w\" \/>\t\t\t\t\t\t\t\n\t<h4>La sonde \u00e0 viande est incluse pour r\u00e9gler la temp\u00e9rature de cuisson pr\u00e9f\u00e9r\u00e9e, pour une cuisson parfaite<\/h4>\n\t<p>Tous les barbecues CROSSRAY sont livr\u00e9s avec des plaques de gril par d\u00e9faut<\/p>\n<h3>\n\t\tCaract\u00e9ristiques\n\t<\/h3>\n\t<h5>Dimensions et espace de cuisson<br \/>\n<\/h5>\n\n\tL 45,16 x\u00a0l 18,19 x\u00a0H 51,10\u00a0po, L 1147 x\u00a0L 462 x\u00a0H 1298\u00a0mm<br \/>\nSurface de cuisson\u00a0: 430\u00a0po<sup>2<\/sup>, 2\u00a0772\u00a0cm<sup>2<br \/>\n<\/sup>Poids\u00a0:\u00a0 97\u00a0lb, 44\u00a0kgs\n\t<h5>Mat\u00e9riaux<\/h5>\n\n\t<ul>\n<li>Couvercle du gril\u00a0: acier SPCC (\u00e9paisseur de l&rsquo;ext\u00e9rieur =\u00a00,8\u00a0mm), noir; Int\u00e9rieur\u00a0: aluminium<\/li>\n<li>Gril et plaque chauffante\u00a0: acier avec \u00e9mail en porcelaine<\/li>\n<li>Reportez-vous au mod\u00e8le\u00a0TCE22HT\u00a0pour plus d&rsquo;informations.<\/li>\n<li>Chariot\u00a0: t\u00f4le m\u00e9tallique avec peinture noire.<\/li>\n<\/ul>\n\t<h5>Sp\u00e9cifications<\/h5>\n\n\tPuissance totale de 2\u00a0200\u00a0W (2\u00a0x\u00a01\u00a0100\u00a0W)<br \/>\nFourni avec fiche 3\u00a0broches pour GPO 10A standard (240\u00a0V)<br \/>\n\u00c9cran de contr\u00f4le num\u00e9rique<br \/>\nSonde de temp\u00e9rature de la viande et sonde de temp\u00e9rature de la chambre\n\t<h5>T\u00e9l\u00e9chargements<\/h5>\n\n\t<a href=\"\/wp-content\/uploads\/2024\/04\/Crossray-Extreme-Electric-BBQ-Cookbook-web.pdf\" target=\"_blank\" rel=\"noopener\">Livre de recettes pour le barbecue \u00e9lectrique eXtreme<\/a><br \/>\n<a href=\"https:\/\/crossraybbq.com\/wp-content\/uploads\/2024\/11\/OM-E-crossray-P80196024A-USA-Rev.-30.Jan_.2025.pdf\" target=\"_blank\" rel=\"noopener\">Guide de l&rsquo;utilisateur pour le barbecue \u00e9lectrique eXtreme<\/a><br \/>\n<a href=\"\/wp-content\/uploads\/2024\/02\/Crossray-2024-Extreme-Brochure-March2024.pdf\" target=\"_blank\" rel=\"noopener\">Brochure du barbecue \u00e9lectrique eXtreme<\/a><br \/>\n<a href=\"\/wp-content\/uploads\/2024\/04\/TROLLEY-ASSEMBLY-INSTRUCTION-2024-0411-V2-AU.pdf\" target=\"_blank\" rel=\"noopener\">Manuel d&rsquo;instructions pour l&rsquo;installation du chariot sur le barbecue \u00e9lectrique eXtreme<\/a>\n\t\t\t\t\t\t\t<img loading=\"lazy\" decoding=\"async\" width=\"1440\" height=\"900\" src=\"https:\/\/crossrayglobal.wpenginepowered.com\/wp-content\/uploads\/2024\/02\/Electric-BBQ-Trolley-Dimensions-inches.webp\" alt=\"Electric BBQ Trolley Dimensions\" itemprop=\"image\" title=\"Electric-BBQ-Trolley-Dimensions-inches\" onerror=\"this.style.display='none'\"  sizes=\"auto, (max-width: 760px) 100vw, 100vw\" srcset=\"https:\/\/crossraybbq.com\/wp-content\/uploads\/2024\/02\/Electric-BBQ-Trolley-Dimensions-inches.webp 1440w, https:\/\/crossraybbq.com\/wp-content\/uploads\/2024\/02\/Electric-BBQ-Trolley-Dimensions-inches-300x188.webp 300w, https:\/\/crossraybbq.com\/wp-content\/uploads\/2024\/02\/Electric-BBQ-Trolley-Dimensions-inches-1024x640.webp 1024w, https:\/\/crossraybbq.com\/wp-content\/uploads\/2024\/02\/Electric-BBQ-Trolley-Dimensions-inches-768x480.webp 768w, https:\/\/crossraybbq.com\/wp-content\/uploads\/2024\/02\/Electric-BBQ-Trolley-Dimensions-inches-1400x875.webp 1400w, https:\/\/crossraybbq.com\/wp-content\/uploads\/2024\/02\/Electric-BBQ-Trolley-Dimensions-inches-700x438.webp 700w, https:\/\/crossraybbq.com\/wp-content\/uploads\/2024\/02\/Electric-BBQ-Trolley-Dimensions-inches-466x291.webp 466w, https:\/\/crossraybbq.com\/wp-content\/uploads\/2024\/02\/Electric-BBQ-Trolley-Dimensions-inches-933x583.webp 933w, https:\/\/crossraybbq.com\/wp-content\/uploads\/2024\/02\/Electric-BBQ-Trolley-Dimensions-inches-350x219.webp 350w\" \/>\t\t\t\t\t\t\t\n\t\t\t\t\t\t\t<img loading=\"lazy\" decoding=\"async\" width=\"388\" height=\"76\" src=\"https:\/\/crossrayglobal.wpenginepowered.com\/wp-content\/uploads\/2020\/07\/Crossray-Logo.png\" alt=\"Crossray logo\" itemprop=\"image\" title=\"Crossray-Logo\" onerror=\"this.style.display='none'\"  sizes=\"auto, 300\" srcset=\"https:\/\/crossraybbq.com\/wp-content\/uploads\/2020\/07\/Crossray-Logo.png 388w, https:\/\/crossraybbq.com\/wp-content\/uploads\/2020\/07\/Crossray-Logo-300x59.png 300w, https:\/\/crossraybbq.com\/wp-content\/uploads\/2020\/07\/Crossray-Logo-350x69.png 350w\" \/>\t\t\t\t\t\t\t\n<h3>\n\t\tAccessoires\n\t<\/h3>\n<h2>\n\tRegardez nos vid\u00e9os ici\n\t<\/h2>\n\t<iframe title=\"CROSSAY eXtreme Electric BBQ\" width=\"1400\" height=\"788\" src=\"https:\/\/www.youtube.com\/embed\/23RDyfXquYg?feature=oembed\" frameborder=\"0\" allow=\"accelerometer; autoplay; clipboard-write; encrypted-media; gyroscope; picture-in-picture; web-share\" referrerpolicy=\"strict-origin-when-cross-origin\" allowfullscreen><\/iframe>\n\t<iframe title=\"Crossray Infrared Electric BBQ\" width=\"1400\" height=\"788\" src=\"https:\/\/www.youtube.com\/embed\/XUiKIWcY87U?feature=oembed\" frameborder=\"0\" allow=\"accelerometer; autoplay; clipboard-write; encrypted-media; gyroscope; picture-in-picture; web-share\" referrerpolicy=\"strict-origin-when-cross-origin\" allowfullscreen><\/iframe>\n\n<\/div><!-- .vgblk-rw-wrapper -->","protected":false},"excerpt":{"rendered":"<p>Le NOUVEAU BBQ \u00e9lectrique EXTREME, un r\u00e9volutionnaire culinaire qui allie innovation, polyvalence et style.<\/p>\n<p>Dot\u00e9 d\u2019une technologie in\u00e9gal\u00e9e d\u2019\u00e9l\u00e9ments infrarouges \u00e9lectriques \u00e0 haute intensit\u00e9, ce gril offre une exp\u00e9rience de cuisson gr\u00e9sillante qui surpasse les barbecues au gaz.<\/p>\n<p>Le chariot suppl\u00e9mentaire dot\u00e9 de tablettes lat\u00e9rales pliables et de rangement suppl\u00e9mentaire sous le banc offre amplement d\u2019espace de cuisson et de rangement dans un design \u00e9l\u00e9gant et haut de gamme.<\/p>\n<p><strong>Caract\u00e9ristiques<\/strong><\/p>\n<ul>\n<li>\n<p>Capacit\u00e9 de 2200 W. 2 \u00e9l\u00e9ments infrarouges en fibre de carbone de 1100 W offrant une performance \u00e9lev\u00e9e instantan\u00e9e <\/p>\n<\/li>\n<li>\n<p>Puissance de cuisson de 570 \u00b0F+ (300 \u00b0C+) \u2013 \u00e9quivalente ou sup\u00e9rieure \u00e0 tous les barbecues au gaz standard sur le march\u00e9<\/p>\n<\/li>\n<li>\n<p>Affichage num\u00e9rique programmable inclus. Lecture de la temp\u00e9rature, modulation de la temp\u00e9rature et de l\u2019\u00e9l\u00e9ment <\/p>\n<\/li>\n<li>\n<p>Nouveau design de capuchon haut m\u00eame pour les plus grosses viandes. Comprend \u00e9galement une grille chauffante <\/p>\n<\/li>\n<li>\n<p>La sonde \u00e0 viande est incluse pour r\u00e9gler la temp\u00e9rature de cuisson pr\u00e9f\u00e9r\u00e9e, pour une cuisson parfaite.<\/p>\n<\/li>\n<li>\n<p>Accessoires optionnels disponibles : couvercles, plaques \u00e0 r\u00f4tir, kit de r\u00f4tissoire et plaque chauffante.<\/p>\n<\/li>\n<li>\n<p>Chariot avec tablettes lat\u00e9rales pliables offrant beaucoup d\u2019espace de travail.<\/p>\n<\/li>\n<li>\n<p>Enti\u00e8rement portable avec roulettes. Rapide et facile \u00e0 assembler. <\/p>\n<\/li>\n<\/ul>\n<p><span style=\"color: #cc0404;\"><strong>PROCHAINEMENT!<\/strong><\/span><\/p>\n","protected":false},"featured_media":27109,"template":"","meta":{"_acf_changed":false},"product_brand":[],"product_cat":[167,166],"product_tag":[169],"class_list":{"0":"post-27321","1":"product","2":"type-product","3":"status-publish","4":"has-post-thumbnail","6":"product_cat-electrique","7":"product_cat-tout","8":"product_tag-barbecues","9":"product_shipping_class-grande-palette","11":"first","12":"instock","13":"shipping-taxable","14":"product-type-simple"},"acf":[],"_links":{"self":[{"href":"https:\/\/crossraybbq.com\/fr\/wp-json\/wp\/v2\/product\/27321","targetHints":{"allow":["GET"]}}],"collection":[{"href":"https:\/\/crossraybbq.com\/fr\/wp-json\/wp\/v2\/product"}],"about":[{"href":"https:\/\/crossraybbq.com\/fr\/wp-json\/wp\/v2\/types\/product"}],"wp:featuredmedia":[{"embeddable":true,"href":"https:\/\/crossraybbq.com\/fr\/wp-json\/wp\/v2\/media\/27109"}],"wp:attachment":[{"href":"https:\/\/crossraybbq.com\/fr\/wp-json\/wp\/v2\/media?parent=27321"}],"wp:term":[{"taxonomy":"product_brand","embeddable":true,"href":"https:\/\/crossraybbq.com\/fr\/wp-json\/wp\/v2\/product_brand?post=27321"},{"taxonomy":"product_cat","embeddable":true,"href":"https:\/\/crossraybbq.com\/fr\/wp-json\/wp\/v2\/product_cat?post=27321"},{"taxonomy":"product_tag","embeddable":true,"href":"https:\/\/crossraybbq.com\/fr\/wp-json\/wp\/v2\/product_tag?post=27321"}],"curies":[{"name":"wp","href":"https:\/\/api.w.org\/{rel}","templated":true}]}}