{"id":27324,"date":"2024-08-14T21:07:45","date_gmt":"2024-08-15T04:07:45","guid":{"rendered":"https:\/\/crossraybbq.com\/product\/grill-head-cover\/"},"modified":"2024-11-12T06:34:53","modified_gmt":"2024-11-12T14:34:53","slug":"grill-head-cover","status":"publish","type":"product","link":"https:\/\/crossraybbq.com\/fr\/produit\/grill-head-cover\/","title":{"rendered":"Housse pour couvercle"},"content":{"rendered":"","protected":false},"excerpt":{"rendered":"<p><strong>Housse de couvercle pour barbecue \u00e9lectrique Extreme\u00a0\u2013\u00a0Polyester tiss\u00e9<\/p>\n<p><\/strong>Cette housse ext\u00e9rieure robuste est id\u00e9ale pour garantir la durabilit\u00e9 de votre barbecue pendant de nombreuses ann\u00e9es.<\/p>\n<p>600D polyester\u00a0+\u00a0PVC<\/p>\n<p>Housse pour <a href=\"\/fr\/product\/extreme-portable-electric-bbq\/\">barbecue \u00e9lectrique portable eXtreme<\/a> <a href=\"\/fr\/product\/extreme-electric-bbq-with-trolley\/\"><span class=\"sku_wrapper\"><span class=\"sku\">TCE22HT-US<\/span><\/span><\/a><\/p>\n<p><strong><span style=\"color: #cc0404;\">BIENT\u00d4T DISPONIBLE!<\/span><\/strong><\/p>\n","protected":false},"featured_media":27273,"template":"","meta":{"_acf_changed":false},"product_brand":[],"product_cat":[173,172],"product_tag":[174],"class_list":{"0":"post-27324","1":"product","2":"type-product","3":"status-publish","4":"has-post-thumbnail","6":"product_cat-accessoires-pour-barbecue-electrique","7":"product_cat-tous-les-accessoires","8":"product_tag-accessoires-pour-barbecue-electrique","10":"first","11":"instock","12":"shipping-taxable","13":"product-type-simple"},"acf":[],"_links":{"self":[{"href":"https:\/\/crossraybbq.com\/fr\/wp-json\/wp\/v2\/product\/27324","targetHints":{"allow":["GET"]}}],"collection":[{"href":"https:\/\/crossraybbq.com\/fr\/wp-json\/wp\/v2\/product"}],"about":[{"href":"https:\/\/crossraybbq.com\/fr\/wp-json\/wp\/v2\/types\/product"}],"wp:featuredmedia":[{"embeddable":true,"href":"https:\/\/crossraybbq.com\/fr\/wp-json\/wp\/v2\/media\/27273"}],"wp:attachment":[{"href":"https:\/\/crossraybbq.com\/fr\/wp-json\/wp\/v2\/media?parent=27324"}],"wp:term":[{"taxonomy":"product_brand","embeddable":true,"href":"https:\/\/crossraybbq.com\/fr\/wp-json\/wp\/v2\/product_brand?post=27324"},{"taxonomy":"product_cat","embeddable":true,"href":"https:\/\/crossraybbq.com\/fr\/wp-json\/wp\/v2\/product_cat?post=27324"},{"taxonomy":"product_tag","embeddable":true,"href":"https:\/\/crossraybbq.com\/fr\/wp-json\/wp\/v2\/product_tag?post=27324"}],"curies":[{"name":"wp","href":"https:\/\/api.w.org\/{rel}","templated":true}]}}