{"id":27325,"date":"2024-08-14T21:21:51","date_gmt":"2024-08-15T04:21:51","guid":{"rendered":"https:\/\/crossraybbq.com\/product\/full-trolley-cover\/"},"modified":"2024-11-12T06:27:44","modified_gmt":"2024-11-12T14:27:44","slug":"full-trolley-cover","status":"publish","type":"product","link":"https:\/\/crossraybbq.com\/fr\/produit\/full-trolley-cover\/","title":{"rendered":"Housse de chariot"},"content":{"rendered":"","protected":false},"excerpt":{"rendered":"<p><strong>Housse de chariot pour barbecue \u00e9lectrique Extreme avec chariot\u00a0\u2013\u00a0Polyester tiss\u00e9<\/p>\n<p><\/strong>Cette housse ext\u00e9rieure robuste est id\u00e9ale pour garantir la durabilit\u00e9 de votre barbecue pendant de nombreuses ann\u00e9es.<\/p>\n<p>600D polyester\u00a0+\u00a0PVC<\/p>\n<p>Housse pour <a href=\"\/fr\/product\/extreme-electric-bbq-with-trolley\/\">barbecue \u00e9lectrique eXtreme avec chariot<\/a> <span class=\"sku_wrapper\"><span class=\"sku\">TCE22TR<\/span><\/span><\/p>\n<p><strong><span style=\"color: #cc0404;\">BIENT\u00d4T DISPONIBLE!<\/span><\/strong><\/p>\n","protected":false},"featured_media":27277,"template":"","meta":{"_acf_changed":false},"product_brand":[],"product_cat":[173,172],"product_tag":[174],"class_list":{"0":"post-27325","1":"product","2":"type-product","3":"status-publish","4":"has-post-thumbnail","6":"product_cat-accessoires-pour-barbecue-electrique","7":"product_cat-tous-les-accessoires","8":"product_tag-accessoires-pour-barbecue-electrique","10":"first","11":"instock","12":"shipping-taxable","13":"product-type-simple"},"acf":[],"_links":{"self":[{"href":"https:\/\/crossraybbq.com\/fr\/wp-json\/wp\/v2\/product\/27325","targetHints":{"allow":["GET"]}}],"collection":[{"href":"https:\/\/crossraybbq.com\/fr\/wp-json\/wp\/v2\/product"}],"about":[{"href":"https:\/\/crossraybbq.com\/fr\/wp-json\/wp\/v2\/types\/product"}],"wp:featuredmedia":[{"embeddable":true,"href":"https:\/\/crossraybbq.com\/fr\/wp-json\/wp\/v2\/media\/27277"}],"wp:attachment":[{"href":"https:\/\/crossraybbq.com\/fr\/wp-json\/wp\/v2\/media?parent=27325"}],"wp:term":[{"taxonomy":"product_brand","embeddable":true,"href":"https:\/\/crossraybbq.com\/fr\/wp-json\/wp\/v2\/product_brand?post=27325"},{"taxonomy":"product_cat","embeddable":true,"href":"https:\/\/crossraybbq.com\/fr\/wp-json\/wp\/v2\/product_cat?post=27325"},{"taxonomy":"product_tag","embeddable":true,"href":"https:\/\/crossraybbq.com\/fr\/wp-json\/wp\/v2\/product_tag?post=27325"}],"curies":[{"name":"wp","href":"https:\/\/api.w.org\/{rel}","templated":true}]}}