{"id":27326,"date":"2024-08-14T21:39:58","date_gmt":"2024-08-15T04:39:58","guid":{"rendered":"https:\/\/crossraybbq.com\/product\/roasting-tray\/"},"modified":"2024-11-12T06:31:19","modified_gmt":"2024-11-12T14:31:19","slug":"roasting-tray","status":"publish","type":"product","link":"https:\/\/crossraybbq.com\/fr\/produit\/roasting-tray\/","title":{"rendered":"Plateau de r\u00f4tissage"},"content":{"rendered":"","protected":false},"excerpt":{"rendered":"<p>Sublimez votre r\u00f4ti du dimanche avec cette grille de r\u00f4tissage polyvalente pour <a href=\"\/fr\/product\/extreme-portable-electric-bbq\/\">TCE22HT-US<\/a> (portable) et <a href=\"\/fr\/product\/extreme-electric-bbq-with-trolley\/\">TCE22TR<\/a> (chariot).<\/p>\n<p>Fabriqu\u00e9 en acier inoxydable durable, cette grille de r\u00f4tissage sur\u00e9l\u00e8ve votre viande au-dessus de la grille pour une r\u00e9partition homog\u00e8ne de la chaleur, garantissant des r\u00f4tis cuits \u00e0 la perfection \u00e0 chaque fois.<\/p>\n<p>Les poign\u00e9es lat\u00e9rales pratiques de la grille permettent de transf\u00e9rer facilement et en toute s\u00e9curit\u00e9 votre r\u00f4ti du barbecue au plat de service.<\/p>\n<ul>\n<li>Id\u00e9al pour r\u00f4tir ou pour la cuisson lente<\/li>\n<li>Facile \u00e0 nettoyer.<\/li>\n<li>Poign\u00e9es lat\u00e9rales int\u00e9gr\u00e9es pour une manipulation s\u00e9curitaire<\/li>\n<li>Compatible avec les barbecues \u00e9lectriques et au gaz<\/li>\n<li>DIMENSIONS\u00a0: 15,5\u00a0X\u00a09,8\u00a0X\u00a05,1\u00a0po (39,5\u00a0X\u00a025\u00a0X\u00a013\u00a0cm)<\/li>\n<\/ul>\n<p><span style=\"color: #cc0404;\"><strong>BIENT\u00d4T DISPONIBLE!<\/strong><\/span><\/p>\n","protected":false},"featured_media":27280,"template":"","meta":{"_acf_changed":false},"product_brand":[],"product_cat":[173,172],"product_tag":[174],"class_list":{"0":"post-27326","1":"product","2":"type-product","3":"status-publish","4":"has-post-thumbnail","6":"product_cat-accessoires-pour-barbecue-electrique","7":"product_cat-tous-les-accessoires","8":"product_tag-accessoires-pour-barbecue-electrique","10":"first","11":"instock","12":"shipping-taxable","13":"product-type-simple"},"acf":[],"_links":{"self":[{"href":"https:\/\/crossraybbq.com\/fr\/wp-json\/wp\/v2\/product\/27326","targetHints":{"allow":["GET"]}}],"collection":[{"href":"https:\/\/crossraybbq.com\/fr\/wp-json\/wp\/v2\/product"}],"about":[{"href":"https:\/\/crossraybbq.com\/fr\/wp-json\/wp\/v2\/types\/product"}],"wp:featuredmedia":[{"embeddable":true,"href":"https:\/\/crossraybbq.com\/fr\/wp-json\/wp\/v2\/media\/27280"}],"wp:attachment":[{"href":"https:\/\/crossraybbq.com\/fr\/wp-json\/wp\/v2\/media?parent=27326"}],"wp:term":[{"taxonomy":"product_brand","embeddable":true,"href":"https:\/\/crossraybbq.com\/fr\/wp-json\/wp\/v2\/product_brand?post=27326"},{"taxonomy":"product_cat","embeddable":true,"href":"https:\/\/crossraybbq.com\/fr\/wp-json\/wp\/v2\/product_cat?post=27326"},{"taxonomy":"product_tag","embeddable":true,"href":"https:\/\/crossraybbq.com\/fr\/wp-json\/wp\/v2\/product_tag?post=27326"}],"curies":[{"name":"wp","href":"https:\/\/api.w.org\/{rel}","templated":true}]}}