{"id":27444,"date":"2025-01-15T15:42:37","date_gmt":"2025-01-15T23:42:37","guid":{"rendered":"https:\/\/crossraybbq.com\/product\/extreme-wall-mounting-bracket\/"},"modified":"2025-01-15T15:49:51","modified_gmt":"2025-01-15T23:49:51","slug":"support-de-montage-mural-extreme","status":"publish","type":"product","link":"https:\/\/crossraybbq.com\/fr\/produit\/support-de-montage-mural-extreme\/","title":{"rendered":"Support mural eXtreme"},"content":{"rendered":"","protected":false},"excerpt":{"rendered":"<p>Support de fixation murale pour le barbecue \u00e9lectrique CROSSRAY <a href=\"\/product\/extreme-portable-electric-bbq\/\">TCE22HT-US<\/a> eXtreme. Le support de fixation murale pour le barbecue \u00e9lectrique Extreme est m\u00e9ticuleusement con\u00e7u pour maintenir solidement ton appareil de barbecue, offrant ainsi une solution peu encombrante pour la cuisine en plein air, en particulier dans les endroits compacts.<\/p>\n<ul>\n<li>Acier doux recouvert d&rsquo;une couche de poudre noire<\/li>\n<\/ul>\n","protected":false},"featured_media":27443,"template":"","meta":{"_acf_changed":false},"product_brand":[],"product_cat":[173,172],"product_tag":[174],"class_list":{"0":"post-27444","1":"product","2":"type-product","3":"status-publish","4":"has-post-thumbnail","6":"product_cat-accessoires-pour-barbecue-electrique","7":"product_cat-tous-les-accessoires","8":"product_tag-accessoires-pour-barbecue-electrique","10":"first","11":"instock","12":"shipping-taxable","13":"product-type-simple"},"acf":[],"_links":{"self":[{"href":"https:\/\/crossraybbq.com\/fr\/wp-json\/wp\/v2\/product\/27444","targetHints":{"allow":["GET"]}}],"collection":[{"href":"https:\/\/crossraybbq.com\/fr\/wp-json\/wp\/v2\/product"}],"about":[{"href":"https:\/\/crossraybbq.com\/fr\/wp-json\/wp\/v2\/types\/product"}],"wp:featuredmedia":[{"embeddable":true,"href":"https:\/\/crossraybbq.com\/fr\/wp-json\/wp\/v2\/media\/27443"}],"wp:attachment":[{"href":"https:\/\/crossraybbq.com\/fr\/wp-json\/wp\/v2\/media?parent=27444"}],"wp:term":[{"taxonomy":"product_brand","embeddable":true,"href":"https:\/\/crossraybbq.com\/fr\/wp-json\/wp\/v2\/product_brand?post=27444"},{"taxonomy":"product_cat","embeddable":true,"href":"https:\/\/crossraybbq.com\/fr\/wp-json\/wp\/v2\/product_cat?post=27444"},{"taxonomy":"product_tag","embeddable":true,"href":"https:\/\/crossraybbq.com\/fr\/wp-json\/wp\/v2\/product_tag?post=27444"}],"curies":[{"name":"wp","href":"https:\/\/api.w.org\/{rel}","templated":true}]}}