{"id":27461,"date":"2025-01-15T17:11:56","date_gmt":"2025-01-16T01:11:56","guid":{"rendered":"https:\/\/crossraybbq.com\/product\/doublure-de-grille-pour-le-crossray-extreme-grill-electrique\/"},"modified":"2025-01-15T17:11:56","modified_gmt":"2025-01-16T01:11:56","slug":"doublure-de-grille-pour-le-crossray-extreme-grill-electrique","status":"publish","type":"product","link":"https:\/\/crossraybbq.com\/fr\/produit\/doublure-de-grille-pour-le-crossray-extreme-grill-electrique\/","title":{"rendered":"Doublure de grille pour le crossray eXtreme Grill \u00e9lectrique"},"content":{"rendered":"","protected":false},"excerpt":{"rendered":"<p>Prot\u00e9gez votre cuisine ext\u00e9rieure avec le Crossray eXtreme Grill Liner. De nombreuses \u00eeles BBQ et cuisines ext\u00e9rieures sont faites d\u2019une combinaison de bois et d\u2019autres mat\u00e9riaux combustibles. Une doublure de gril offre la protection dont vous avez besoin pour assurer un espace de divertissement s\u00fbr et fiable pour les ann\u00e9es \u00e0 venir. La doublure de gril prot\u00e8ge non seulement votre cuisine ext\u00e9rieure, elle prot\u00e8ge \u00e9galement le ch\u00e2ssis de votre gril de la corrosion, ajoutant \u00e0 la long\u00e9vit\u00e9 de votre gril. Utilisez le Crossray eXtreme Electric Grill Liner pour faire de votre cuisine ext\u00e9rieure un espace s\u00fbr et divertissant pour votre famille et vos amis.    <\/p>\n","protected":false},"featured_media":27454,"template":"","meta":{"_acf_changed":false},"product_brand":[],"product_cat":[181,167],"product_tag":[174],"class_list":{"0":"post-27461","1":"product","2":"type-product","3":"status-publish","4":"has-post-thumbnail","6":"product_cat-accessoires-de-cuisine-exterieure","7":"product_cat-electrique","8":"product_tag-accessoires-pour-barbecue-electrique","10":"first","11":"instock","12":"shipping-taxable","13":"product-type-simple"},"acf":[],"_links":{"self":[{"href":"https:\/\/crossraybbq.com\/fr\/wp-json\/wp\/v2\/product\/27461","targetHints":{"allow":["GET"]}}],"collection":[{"href":"https:\/\/crossraybbq.com\/fr\/wp-json\/wp\/v2\/product"}],"about":[{"href":"https:\/\/crossraybbq.com\/fr\/wp-json\/wp\/v2\/types\/product"}],"wp:featuredmedia":[{"embeddable":true,"href":"https:\/\/crossraybbq.com\/fr\/wp-json\/wp\/v2\/media\/27454"}],"wp:attachment":[{"href":"https:\/\/crossraybbq.com\/fr\/wp-json\/wp\/v2\/media?parent=27461"}],"wp:term":[{"taxonomy":"product_brand","embeddable":true,"href":"https:\/\/crossraybbq.com\/fr\/wp-json\/wp\/v2\/product_brand?post=27461"},{"taxonomy":"product_cat","embeddable":true,"href":"https:\/\/crossraybbq.com\/fr\/wp-json\/wp\/v2\/product_cat?post=27461"},{"taxonomy":"product_tag","embeddable":true,"href":"https:\/\/crossraybbq.com\/fr\/wp-json\/wp\/v2\/product_tag?post=27461"}],"curies":[{"name":"wp","href":"https:\/\/api.w.org\/{rel}","templated":true}]}}